{"id":333,"date":"2021-02-09T20:26:51","date_gmt":"2021-02-09T20:26:51","guid":{"rendered":"https:\/\/maasrijnschool.nl\/?page_id=333"},"modified":"2021-02-09T20:26:52","modified_gmt":"2021-02-09T20:26:52","slug":"niederlaendisch-fuer-anfaenger","status":"publish","type":"page","link":"https:\/\/maasrijnschool.nl\/de\/programma__trashed\/niederlaendisch-fuer-anfaenger\/","title":{"rendered":"Niederl\u00e4ndisch f\u00fcr Anf\u00e4nger"},"content":{"rendered":"\n<div class=\"wp-block-ugb-text ugb-text ugb-68777e9 ugb-text--design-plain ugb-text--columns-1 ugb-main-block\"><div class=\"ugb-inner-block\"><div class=\"ugb-block-content\"><div class=\"ugb-text__text-wrapper\"><div class=\"ugb-text__text\"><p class=\"ugb-text__text-1\">Dieser Kurs richtet sich an Personen, die wenige oder keine Kenntnisse der niederl\u00e4ndischen Sprache haben und diese in relativ kurzer Zeit erlernen wollen. Egal ob f\u00fcr die Benutzung in der Schule, auf der Gesch\u00e4ftsreise, im Urlaub, bei der Arbeit oder in allt\u00e4glichen Situationen.<br><br>Grammatik ist f\u00fcr uns kein Hauptziel, sondern ein Instrument. Sie lernen die wichtigsten Regeln kennen und wenden sie sofort in der Praxis an. Grammatische Anweisungen nehmen daher nur einen kleinen Teil der Unterrichtszeit ein. Die Grammatik hilft Ihnen dabei, Zusammenh\u00e4nge zu erkennen, aber Verst\u00e4ndlichkeit, Eigenst\u00e4ndigkeit, praktische Anwendung in realen Situationen und nicht zuletzt Spa\u00df w\u00e4hrend des Unterrichts sind von gr\u00f6\u00dfter Bedeutung!<br><br>W\u00e4hrend des Unterrichts wird auf kommunikative Sprachkenntnisse geachtet: wichtig ist, dass Sie sprechen ohne Angst, mit einer verst\u00e4ndlichen Aussprache. Dar\u00fcber hinaus wird viel Wert auf H\u00f6r- und Lesef\u00e4higkeiten gelegt. W\u00e4hrend aller Programme ist Platz f\u00fcr Ihre eigenen Beitr\u00e4ge, sodass der Unterricht optimal auf Ihre pers\u00f6nlichen Lernbed\u00fcrfnisse zugeschnitten ist. Was Sie lernen, muss f\u00fcr Sie funktional und relevant sein.<br><br>Der Unterricht findet auf der Grundlage eines Kurses statt, der aus einem Lehrbuch, einer Arbeitsmappe, einer CD-ROM und einer Audio-CD besteht. Nat\u00fcrlich wird diese Methode durch verschiedene andere Lehrmaterialien erg\u00e4nzt.<\/p><\/div><\/div><\/div><\/div><\/div>\n","protected":false},"excerpt":{"rendered":"<p>Dieser Kurs richtet sich an Personen, die wenige oder keine Kenntnisse der niederl\u00e4ndischen Sprache haben und diese in relativ kurzer Zeit erlernen wollen. Egal ob<a class=\"moretag\" href=\"https:\/\/maasrijnschool.nl\/de\/programma__trashed\/niederlaendisch-fuer-anfaenger\/\"> &#8230;Lees meer >> <\/a><\/p>\n","protected":false},"author":2,"featured_media":0,"parent":137,"menu_order":0,"comment_status":"closed","ping_status":"closed","template":"","meta":{"footnotes":""},"categories":[],"tags":[],"class_list":["post-333","page","type-page","status-publish","hentry"],"featured_image_urls_v2":{"full":"","thumbnail":"","medium":"","medium_large":"","large":"","1536x1536":"","2048x2048":""},"post_excerpt_stackable_v2":"<p>Dieser Kurs richtet sich an Personen, die wenige oder keine Kenntnisse der niederl\u00e4ndischen Sprache haben und diese in relativ kurzer Zeit erlernen wollen. Egal ob f\u00fcr die Benutzung in der Schule, auf der Gesch\u00e4ftsreise, im Urlaub, bei der Arbeit oder in allt\u00e4glichen Situationen.Grammatik ist f\u00fcr uns kein Hauptziel, sondern ein Instrument. Sie lernen die wichtigsten Regeln kennen und wenden sie sofort in der Praxis an. Grammatische Anweisungen nehmen daher nur einen kleinen Teil der Unterrichtszeit ein. Die Grammatik hilft Ihnen dabei, Zusammenh\u00e4nge zu erkennen, aber Verst\u00e4ndlichkeit, Eigenst\u00e4ndigkeit, praktische Anwendung in realen Situationen und nicht zuletzt Spa\u00df w\u00e4hrend des Unterrichts sind&hellip;<\/p>\n","category_list_v2":"Allgemein","author_info_v2":{"name":"Esther van Loo","url":"https:\/\/maasrijnschool.nl\/de\/author\/esther\/"},"comments_num_v2":"0 comments","yoast_head":"<!-- This site is optimized with the Yoast SEO plugin v27.3 - https:\/\/yoast.com\/product\/yoast-seo-wordpress\/ -->\n<title>Niederl\u00e4ndisch f\u00fcr Anf\u00e4nger - Maas-Rijn School voor taal<\/title>\n<meta name=\"robots\" content=\"index, follow, max-snippet:-1, max-image-preview:large, max-video-preview:-1\" \/>\n<link rel=\"canonical\" href=\"https:\/\/maasrijnschool.nl\/de\/programma__trashed\/niederlaendisch-fuer-anfaenger\/\" \/>\n<meta property=\"og:locale\" content=\"de_DE\" \/>\n<meta property=\"og:type\" content=\"article\" \/>\n<meta property=\"og:title\" content=\"Niederl\u00e4ndisch f\u00fcr Anf\u00e4nger - Maas-Rijn School voor taal\" \/>\n<meta property=\"og:description\" content=\"Dieser Kurs richtet sich an Personen, die wenige oder keine Kenntnisse der niederl\u00e4ndischen Sprache haben und diese in relativ kurzer Zeit erlernen wollen. Egal ob ...Lees meer &gt;&gt;\" \/>\n<meta property=\"og:url\" content=\"https:\/\/maasrijnschool.nl\/de\/programma__trashed\/niederlaendisch-fuer-anfaenger\/\" \/>\n<meta property=\"og:site_name\" content=\"Maas-Rijn School voor taal\" \/>\n<meta property=\"article:modified_time\" content=\"2021-02-09T20:26:52+00:00\" \/>\n<meta name=\"twitter:card\" content=\"summary_large_image\" \/>\n<meta name=\"twitter:label1\" content=\"Gesch\u00e4tzte Lesezeit\" \/>\n\t<meta name=\"twitter:data1\" content=\"1\u00a0Minute\" \/>\n<script type=\"application\/ld+json\" class=\"yoast-schema-graph\">{\"@context\":\"https:\\\/\\\/schema.org\",\"@graph\":[{\"@type\":\"WebPage\",\"@id\":\"https:\\\/\\\/maasrijnschool.nl\\\/de\\\/programma__trashed\\\/niederlaendisch-fuer-anfaenger\\\/\",\"url\":\"https:\\\/\\\/maasrijnschool.nl\\\/de\\\/programma__trashed\\\/niederlaendisch-fuer-anfaenger\\\/\",\"name\":\"Niederl\u00e4ndisch f\u00fcr Anf\u00e4nger - Maas-Rijn School voor taal\",\"isPartOf\":{\"@id\":\"https:\\\/\\\/maasrijnschool.nl\\\/de\\\/#website\"},\"datePublished\":\"2021-02-09T20:26:51+00:00\",\"dateModified\":\"2021-02-09T20:26:52+00:00\",\"breadcrumb\":{\"@id\":\"https:\\\/\\\/maasrijnschool.nl\\\/de\\\/programma__trashed\\\/niederlaendisch-fuer-anfaenger\\\/#breadcrumb\"},\"inLanguage\":\"de\",\"potentialAction\":[{\"@type\":\"ReadAction\",\"target\":[\"https:\\\/\\\/maasrijnschool.nl\\\/de\\\/programma__trashed\\\/niederlaendisch-fuer-anfaenger\\\/\"]}]},{\"@type\":\"BreadcrumbList\",\"@id\":\"https:\\\/\\\/maasrijnschool.nl\\\/de\\\/programma__trashed\\\/niederlaendisch-fuer-anfaenger\\\/#breadcrumb\",\"itemListElement\":[{\"@type\":\"ListItem\",\"position\":1,\"name\":\"Home\",\"item\":\"https:\\\/\\\/maasrijnschool.nl\\\/de\\\/\"},{\"@type\":\"ListItem\",\"position\":2,\"name\":\"Kursangebot\",\"item\":\"https:\\\/\\\/maasrijnschool.nl\\\/de\\\/?page_id=137\"},{\"@type\":\"ListItem\",\"position\":3,\"name\":\"Niederl\u00e4ndisch f\u00fcr Anf\u00e4nger\"}]},{\"@type\":\"WebSite\",\"@id\":\"https:\\\/\\\/maasrijnschool.nl\\\/de\\\/#website\",\"url\":\"https:\\\/\\\/maasrijnschool.nl\\\/de\\\/\",\"name\":\"Maas-Rijn School voor taal\",\"description\":\"\",\"publisher\":{\"@id\":\"https:\\\/\\\/maasrijnschool.nl\\\/de\\\/#organization\"},\"potentialAction\":[{\"@type\":\"SearchAction\",\"target\":{\"@type\":\"EntryPoint\",\"urlTemplate\":\"https:\\\/\\\/maasrijnschool.nl\\\/de\\\/?s={search_term_string}\"},\"query-input\":{\"@type\":\"PropertyValueSpecification\",\"valueRequired\":true,\"valueName\":\"search_term_string\"}}],\"inLanguage\":\"de\"},{\"@type\":\"Organization\",\"@id\":\"https:\\\/\\\/maasrijnschool.nl\\\/de\\\/#organization\",\"name\":\"Maas-Rijn School voor taal\",\"url\":\"https:\\\/\\\/maasrijnschool.nl\\\/de\\\/\",\"logo\":{\"@type\":\"ImageObject\",\"inLanguage\":\"de\",\"@id\":\"https:\\\/\\\/maasrijnschool.nl\\\/de\\\/#\\\/schema\\\/logo\\\/image\\\/\",\"url\":\"https:\\\/\\\/maasrijnschool.nl\\\/wp-content\\\/uploads\\\/2026\\\/03\\\/mrs-logo.png\",\"contentUrl\":\"https:\\\/\\\/maasrijnschool.nl\\\/wp-content\\\/uploads\\\/2026\\\/03\\\/mrs-logo.png\",\"width\":350,\"height\":174,\"caption\":\"Maas-Rijn School voor taal\"},\"image\":{\"@id\":\"https:\\\/\\\/maasrijnschool.nl\\\/de\\\/#\\\/schema\\\/logo\\\/image\\\/\"}}]}<\/script>\n<!-- \/ Yoast SEO plugin. -->","yoast_head_json":{"title":"Niederl\u00e4ndisch f\u00fcr Anf\u00e4nger - Maas-Rijn School voor taal","robots":{"index":"index","follow":"follow","max-snippet":"max-snippet:-1","max-image-preview":"max-image-preview:large","max-video-preview":"max-video-preview:-1"},"canonical":"https:\/\/maasrijnschool.nl\/de\/programma__trashed\/niederlaendisch-fuer-anfaenger\/","og_locale":"de_DE","og_type":"article","og_title":"Niederl\u00e4ndisch f\u00fcr Anf\u00e4nger - Maas-Rijn School voor taal","og_description":"Dieser Kurs richtet sich an Personen, die wenige oder keine Kenntnisse der niederl\u00e4ndischen Sprache haben und diese in relativ kurzer Zeit erlernen wollen. Egal ob ...Lees meer >>","og_url":"https:\/\/maasrijnschool.nl\/de\/programma__trashed\/niederlaendisch-fuer-anfaenger\/","og_site_name":"Maas-Rijn School voor taal","article_modified_time":"2021-02-09T20:26:52+00:00","twitter_card":"summary_large_image","twitter_misc":{"Gesch\u00e4tzte Lesezeit":"1\u00a0Minute"},"schema":{"@context":"https:\/\/schema.org","@graph":[{"@type":"WebPage","@id":"https:\/\/maasrijnschool.nl\/de\/programma__trashed\/niederlaendisch-fuer-anfaenger\/","url":"https:\/\/maasrijnschool.nl\/de\/programma__trashed\/niederlaendisch-fuer-anfaenger\/","name":"Niederl\u00e4ndisch f\u00fcr Anf\u00e4nger - Maas-Rijn School voor taal","isPartOf":{"@id":"https:\/\/maasrijnschool.nl\/de\/#website"},"datePublished":"2021-02-09T20:26:51+00:00","dateModified":"2021-02-09T20:26:52+00:00","breadcrumb":{"@id":"https:\/\/maasrijnschool.nl\/de\/programma__trashed\/niederlaendisch-fuer-anfaenger\/#breadcrumb"},"inLanguage":"de","potentialAction":[{"@type":"ReadAction","target":["https:\/\/maasrijnschool.nl\/de\/programma__trashed\/niederlaendisch-fuer-anfaenger\/"]}]},{"@type":"BreadcrumbList","@id":"https:\/\/maasrijnschool.nl\/de\/programma__trashed\/niederlaendisch-fuer-anfaenger\/#breadcrumb","itemListElement":[{"@type":"ListItem","position":1,"name":"Home","item":"https:\/\/maasrijnschool.nl\/de\/"},{"@type":"ListItem","position":2,"name":"Kursangebot","item":"https:\/\/maasrijnschool.nl\/de\/?page_id=137"},{"@type":"ListItem","position":3,"name":"Niederl\u00e4ndisch f\u00fcr Anf\u00e4nger"}]},{"@type":"WebSite","@id":"https:\/\/maasrijnschool.nl\/de\/#website","url":"https:\/\/maasrijnschool.nl\/de\/","name":"Maas-Rijn School voor taal","description":"","publisher":{"@id":"https:\/\/maasrijnschool.nl\/de\/#organization"},"potentialAction":[{"@type":"SearchAction","target":{"@type":"EntryPoint","urlTemplate":"https:\/\/maasrijnschool.nl\/de\/?s={search_term_string}"},"query-input":{"@type":"PropertyValueSpecification","valueRequired":true,"valueName":"search_term_string"}}],"inLanguage":"de"},{"@type":"Organization","@id":"https:\/\/maasrijnschool.nl\/de\/#organization","name":"Maas-Rijn School voor taal","url":"https:\/\/maasrijnschool.nl\/de\/","logo":{"@type":"ImageObject","inLanguage":"de","@id":"https:\/\/maasrijnschool.nl\/de\/#\/schema\/logo\/image\/","url":"https:\/\/maasrijnschool.nl\/wp-content\/uploads\/2026\/03\/mrs-logo.png","contentUrl":"https:\/\/maasrijnschool.nl\/wp-content\/uploads\/2026\/03\/mrs-logo.png","width":350,"height":174,"caption":"Maas-Rijn School voor taal"},"image":{"@id":"https:\/\/maasrijnschool.nl\/de\/#\/schema\/logo\/image\/"}}]}},"_links":{"self":[{"href":"https:\/\/maasrijnschool.nl\/de\/wp-json\/wp\/v2\/pages\/333","targetHints":{"allow":["GET"]}}],"collection":[{"href":"https:\/\/maasrijnschool.nl\/de\/wp-json\/wp\/v2\/pages"}],"about":[{"href":"https:\/\/maasrijnschool.nl\/de\/wp-json\/wp\/v2\/types\/page"}],"author":[{"embeddable":true,"href":"https:\/\/maasrijnschool.nl\/de\/wp-json\/wp\/v2\/users\/2"}],"replies":[{"embeddable":true,"href":"https:\/\/maasrijnschool.nl\/de\/wp-json\/wp\/v2\/comments?post=333"}],"version-history":[{"count":1,"href":"https:\/\/maasrijnschool.nl\/de\/wp-json\/wp\/v2\/pages\/333\/revisions"}],"predecessor-version":[{"id":334,"href":"https:\/\/maasrijnschool.nl\/de\/wp-json\/wp\/v2\/pages\/333\/revisions\/334"}],"up":[{"embeddable":true,"href":"https:\/\/maasrijnschool.nl\/de\/wp-json\/wp\/v2\/pages\/137"}],"wp:attachment":[{"href":"https:\/\/maasrijnschool.nl\/de\/wp-json\/wp\/v2\/media?parent=333"}],"wp:term":[{"taxonomy":"category","embeddable":true,"href":"https:\/\/maasrijnschool.nl\/de\/wp-json\/wp\/v2\/categories?post=333"},{"taxonomy":"post_tag","embeddable":true,"href":"https:\/\/maasrijnschool.nl\/de\/wp-json\/wp\/v2\/tags?post=333"}],"curies":[{"name":"wp","href":"https:\/\/api.w.org\/{rel}","templated":true}]}}