{"id":1521,"date":"2023-12-14T13:15:22","date_gmt":"2023-12-14T13:15:22","guid":{"rendered":"https:\/\/maasrijnschool.nl\/?page_id=1521"},"modified":"2026-04-03T13:40:19","modified_gmt":"2026-04-03T13:40:19","slug":"kursangebot","status":"publish","type":"page","link":"https:\/\/maasrijnschool.nl\/de\/kursangebot\/","title":{"rendered":"Kursangebot"},"content":{"rendered":"\n<div class=\"wp-block-stackable-spacer stk-block-spacer stk--no-padding stk-block stk-271728a\" data-block-id=\"271728a\"><\/div>\n\n\n\n<p>Das Eintauchen in eine Zweitsprache macht nicht nur Spa\u00df, sondern ist auch sehr n\u00fctzlich. Vielleicht fahren Sie immer wieder in den Urlaub in die Niederlande und m\u00f6chten nicht st\u00e4ndig auf Englisch zur\u00fcckgreifen, wenn Sie sich unterhalten. Sie sind nach Limburg gezogen und m\u00f6chten sich so sicher f\u00fchlen, dass Sie ein Gespr\u00e4ch im Dialekt f\u00fchren k\u00f6nnen. Oder Sie sprechen bereits ein wenig Franz\u00f6sisch, m\u00f6chten aber aus Interesse noch tiefer in die Sprache eintauchen.<\/p>\n\n\n<div class=\"wp-block-image\">\n<figure class=\"alignright size-full is-resized\"><img loading=\"lazy\" decoding=\"async\" width=\"800\" height=\"400\" src=\"https:\/\/maasrijnschool.nl\/wp-content\/uploads\/2026\/02\/Abdij_Rolduc_luchtfoto-q5rpb70pblh2jw1u4o6iq8spmpmjpz78wdn12r2u1s-1.jpg\" alt=\"\" class=\"wp-image-4086\" style=\"width:520px;height:auto\" srcset=\"https:\/\/maasrijnschool.nl\/wp-content\/uploads\/2026\/02\/Abdij_Rolduc_luchtfoto-q5rpb70pblh2jw1u4o6iq8spmpmjpz78wdn12r2u1s-1.jpg 800w, https:\/\/maasrijnschool.nl\/wp-content\/uploads\/2026\/02\/Abdij_Rolduc_luchtfoto-q5rpb70pblh2jw1u4o6iq8spmpmjpz78wdn12r2u1s-1-300x150.jpg 300w, https:\/\/maasrijnschool.nl\/wp-content\/uploads\/2026\/02\/Abdij_Rolduc_luchtfoto-q5rpb70pblh2jw1u4o6iq8spmpmjpz78wdn12r2u1s-1-768x384.jpg 768w\" sizes=\"auto, (max-width: 800px) 100vw, 800px\" \/><figcaption class=\"wp-element-caption\"><em><strong>Abtei Rolduc in Kerkrade an der Grenze zu Herzogenrath<\/strong><\/em><\/figcaption><\/figure>\n<\/div>\n\n\n<p>Das Erlernen einer Zweitsprache kann auch eine Notwendigkeit sein. Vielleicht haben Sie vor, nach Spanien auszuwandern, beherrschen die Sprache aber noch nicht so gut. Oder Sie k\u00f6nnten zus\u00e4tzliche Unterst\u00fctzung bei Ihren Sprachkenntnissen als Vorbereitung auf die Abschlusspr\u00fcfungen gebrauchen.<\/p>\n\n\n\n<p>Wir k\u00f6nnen Ihnen bei all diesen und anderen &#8222;Sprachmotivationen&#8220; helfen. Ob Sie den Kurs aus Verpflichtung oder aus reinem Interesse, als Anf\u00e4nger oder Fortgeschrittener machen: Wir bieten immer einen passenden Kurs an.<\/p>\n\n\n\n<div class=\"wp-block-stackable-spacer stk-block-spacer stk--no-padding stk-block stk-2689a9f\" data-block-id=\"2689a9f\"><\/div>\n\n\n\n<div class=\"wp-block-stackable-heading stk-block-heading stk-block-heading--v2 stk-block stk-94aa456\" id=\"der-gemeinsamer-europaischer-referenzrahmen-fur-sprachen-ger\" data-block-id=\"94aa456\"><style>.stk-94aa456 {margin-bottom:37px !important;}<\/style><h6 class=\"stk-block-heading__text\">Der Gemeinsamer Europ\u00e4ischer Referenzrahmen f\u00fcr Sprachen (GER)<\/h6><\/div>\n\n\n\n<p>Unsere Kurse sind nach dem <a href=\"https:\/\/www.europaeischer-referenzrahmen.de\/\" target=\"_blank\" rel=\"noreferrer noopener\">Gemeinsamen Europ\u00e4ischen Referenzrahmen<\/a> f\u00fcr Sprachen aufgebaut.<\/p>\n\n\n\n<div class=\"wp-block-stackable-text stk-block-text stk-block stk-132940f\" data-block-id=\"132940f\"><p class=\"stk-block-text__text\">Der Gemeinsame Europ\u00e4ische Referenzrahmen f\u00fcr Sprachen ordnet die Sprachkompetenz in einer Fremdsprache sechs Kompetenzstufen zu, die von A1, A2 (Grundkenntnisse) \u00fcber B1, B2 (selbstst\u00e4ndiger Sprachgebrauch) bis hin zu C1, C2 (kompetenter Sprachgebrauch) reichen.<\/p><\/div>\n\n\n<div class=\"wp-block-image\">\n<figure class=\"aligncenter size-full\"><img loading=\"lazy\" decoding=\"async\" width=\"545\" height=\"223\" src=\"https:\/\/maasrijnschool.nl\/wp-content\/uploads\/2026\/03\/ERK2-1.jpg\" alt=\"\" class=\"wp-image-4351\" srcset=\"https:\/\/maasrijnschool.nl\/wp-content\/uploads\/2026\/03\/ERK2-1.jpg 545w, https:\/\/maasrijnschool.nl\/wp-content\/uploads\/2026\/03\/ERK2-1-300x123.jpg 300w\" sizes=\"auto, (max-width: 545px) 100vw, 545px\" \/><\/figure>\n<\/div>\n\n\n<p>F\u00fcr die folgenden Sprachen bieten wir Kurse vom Anf\u00e4ngerniveau bis zur Fortgeschrittenenstufe, Nachhilfestunden und Pr\u00fcfungsvorbereitungen sowie Intensiv-Immersionskurse an.<\/p>\n\n\n\n<ul class=\"wp-block-list\">\n<li><a title=\"Deutsch\" href=\"https:\/\/maasrijnschool.nl\/de\/deutsch-2\/\">Deutsch<\/a><\/li>\n\n\n\n<li><a title=\"Deutsch\" href=\"https:\/\/maasrijnschool.nl\/de\/deutsch-2\/\"><\/a><a title=\"Niederl\u00e4ndisch als zweite Sprache (NT2)\" href=\"https:\/\/maasrijnschool.nl\/de\/niederlaendisch-als-zweite-sprache-nt2\/\">Niederl\u00e4ndisch<\/a><\/li>\n\n\n\n<li><a title=\"Limburgisch\" href=\"https:\/\/maasrijnschool.nl\/de\/limburgs\/\">Limburgisch<\/a><\/li>\n\n\n\n<li><a title=\"Franz\u00f6sisch\" href=\"https:\/\/maasrijnschool.nl\/de\/franzoesisch\/\">Franz\u00f6sisch<\/a><\/li>\n\n\n\n<li><a title=\"Russisch\" href=\"https:\/\/maasrijnschool.nl\/de\/russisch-2\/\">Russisch<\/a><\/li>\n\n\n\n<li><a title=\"Spanisch\" href=\"https:\/\/maasrijnschool.nl\/de\/spanisch-2\/\">Spanisch<\/a><\/li>\n<\/ul>\n\n\n\n<div class=\"wp-block-stackable-text stk-block-text stk-block stk-acf49d5\" data-block-id=\"acf49d5\"><p class=\"stk-block-text__text\">Dar\u00fcber hinaus ist die <strong>Maas-Rhein Schule<\/strong> auf Niederl\u00e4ndischkurse spezialisiert f\u00fcr Pflegepersonal, \u00c4rzte, Fach\u00e4rzte, die in den Niederlanden arbeiten m\u00f6chten und daf\u00fcr ausreichende Niederl\u00e4ndischkenntnisse f\u00fcr die BIG-Registrierung ben\u00f6tigen.<\/p><\/div>\n\n\n\n<div class=\"wp-block-stackable-text stk-block-text stk-block stk-d01ec18\" data-block-id=\"d01ec18\"><p class=\"stk-block-text__text\"><\/p><\/div>\n\n\n\n<div class=\"wp-block-stackable-text stk-block-text stk-block stk-f04c38a\" data-block-id=\"f04c38a\"><p class=\"stk-block-text__text\">Sind Sie in der Schule und brauchen Sie Nachhilfestunden und Pr\u00fcfungsvorbereitungen f\u00fcr den Sprachunterricht z.B. f\u00fcr Englisch, Latein und Altgriechisch? Dann sind Sie bei uns richtig.<\/p><\/div>\n\n\n\n<div class=\"wp-block-stackable-text stk-block-text stk-block stk-f7abc3b\" data-block-id=\"f7abc3b\"><p class=\"stk-block-text__text\"><a title=\"Contact opnemen\" href=\"https:\/\/maasrijnschool.nl\/de\/contact\/\">F\u00fcr weitere Informationen oder ein Angebot kontaktieren Sie uns<\/a><\/p><\/div>\n\n\n\n<div class=\"wp-block-stackable-text stk-block-text stk-block stk-ac8b6d9\" data-block-id=\"ac8b6d9\"><p class=\"stk-block-text__text\"><\/p><\/div>\n","protected":false},"excerpt":{"rendered":"<p>Das Eintauchen in eine Zweitsprache macht nicht nur Spa\u00df, sondern ist auch sehr n\u00fctzlich. Vielleicht fahren Sie immer wieder in den Urlaub in die Niederlande<a class=\"moretag\" href=\"https:\/\/maasrijnschool.nl\/de\/kursangebot\/\"> &#8230;Lees meer >> <\/a><\/p>\n","protected":false},"author":4,"featured_media":0,"parent":0,"menu_order":0,"comment_status":"closed","ping_status":"closed","template":"","meta":{"footnotes":""},"categories":[],"tags":[],"class_list":["post-1521","page","type-page","status-publish","hentry"],"featured_image_urls_v2":{"full":"","thumbnail":"","medium":"","medium_large":"","large":"","1536x1536":"","2048x2048":""},"post_excerpt_stackable_v2":"<p>Das Eintauchen in eine Zweitsprache macht nicht nur Spa\u00df, sondern ist auch sehr n\u00fctzlich. Vielleicht fahren Sie immer wieder in den Urlaub in die Niederlande und m\u00f6chten nicht st\u00e4ndig auf Englisch zur\u00fcckgreifen, wenn Sie sich unterhalten. Sie sind nach Limburg gezogen und m\u00f6chten sich so sicher f\u00fchlen, dass Sie ein Gespr\u00e4ch im Dialekt f\u00fchren k\u00f6nnen. Oder Sie sprechen bereits ein wenig Franz\u00f6sisch, m\u00f6chten aber aus Interesse noch tiefer in die Sprache eintauchen. Abtei Rolduc in Kerkrade an der Grenze zu Herzogenrath Das Erlernen einer Zweitsprache kann auch eine Notwendigkeit sein. Vielleicht haben Sie vor, nach Spanien auszuwandern, beherrschen die Sprache&hellip;<\/p>\n","category_list_v2":"Allgemein","author_info_v2":{"name":"Jenny Kranendonk","url":"https:\/\/maasrijnschool.nl\/de\/author\/jenny\/"},"comments_num_v2":"0 comments","yoast_head":"<!-- This site is optimized with the Yoast SEO plugin v27.3 - https:\/\/yoast.com\/product\/yoast-seo-wordpress\/ -->\n<title>Kursangebot - Maas-Rijn School voor taal<\/title>\n<meta name=\"robots\" content=\"index, follow, max-snippet:-1, max-image-preview:large, max-video-preview:-1\" \/>\n<link rel=\"canonical\" href=\"https:\/\/maasrijnschool.nl\/de\/kursangebot\/\" \/>\n<meta property=\"og:locale\" content=\"de_DE\" \/>\n<meta property=\"og:type\" content=\"article\" \/>\n<meta property=\"og:title\" content=\"Kursangebot - Maas-Rijn School voor taal\" \/>\n<meta property=\"og:description\" content=\"Das Eintauchen in eine Zweitsprache macht nicht nur Spa\u00df, sondern ist auch sehr n\u00fctzlich. Vielleicht fahren Sie immer wieder in den Urlaub in die Niederlande ...Lees meer &gt;&gt;\" \/>\n<meta property=\"og:url\" content=\"https:\/\/maasrijnschool.nl\/de\/kursangebot\/\" \/>\n<meta property=\"og:site_name\" content=\"Maas-Rijn School voor taal\" \/>\n<meta property=\"article:modified_time\" content=\"2026-04-03T13:40:19+00:00\" \/>\n<meta property=\"og:image\" content=\"https:\/\/maasrijnschool.nl\/wp-content\/uploads\/2026\/02\/Abdij_Rolduc_luchtfoto-q5rpb70pblh2jw1u4o6iq8spmpmjpz78wdn12r2u1s-1.jpg\" \/>\n\t<meta property=\"og:image:width\" content=\"800\" \/>\n\t<meta property=\"og:image:height\" content=\"400\" \/>\n\t<meta property=\"og:image:type\" content=\"image\/jpeg\" \/>\n<meta name=\"twitter:card\" content=\"summary_large_image\" \/>\n<meta name=\"twitter:label1\" content=\"Gesch\u00e4tzte Lesezeit\" \/>\n\t<meta name=\"twitter:data1\" content=\"2\u00a0Minuten\" \/>\n<script type=\"application\/ld+json\" class=\"yoast-schema-graph\">{\"@context\":\"https:\\\/\\\/schema.org\",\"@graph\":[{\"@type\":\"WebPage\",\"@id\":\"https:\\\/\\\/maasrijnschool.nl\\\/de\\\/kursangebot\\\/\",\"url\":\"https:\\\/\\\/maasrijnschool.nl\\\/de\\\/kursangebot\\\/\",\"name\":\"Kursangebot - Maas-Rijn School voor taal\",\"isPartOf\":{\"@id\":\"https:\\\/\\\/maasrijnschool.nl\\\/de\\\/#website\"},\"primaryImageOfPage\":{\"@id\":\"https:\\\/\\\/maasrijnschool.nl\\\/de\\\/kursangebot\\\/#primaryimage\"},\"image\":{\"@id\":\"https:\\\/\\\/maasrijnschool.nl\\\/de\\\/kursangebot\\\/#primaryimage\"},\"thumbnailUrl\":\"https:\\\/\\\/maasrijnschool.nl\\\/wp-content\\\/uploads\\\/2026\\\/02\\\/Abdij_Rolduc_luchtfoto-q5rpb70pblh2jw1u4o6iq8spmpmjpz78wdn12r2u1s-1.jpg\",\"datePublished\":\"2023-12-14T13:15:22+00:00\",\"dateModified\":\"2026-04-03T13:40:19+00:00\",\"breadcrumb\":{\"@id\":\"https:\\\/\\\/maasrijnschool.nl\\\/de\\\/kursangebot\\\/#breadcrumb\"},\"inLanguage\":\"de\",\"potentialAction\":[{\"@type\":\"ReadAction\",\"target\":[\"https:\\\/\\\/maasrijnschool.nl\\\/de\\\/kursangebot\\\/\"]}]},{\"@type\":\"ImageObject\",\"inLanguage\":\"de\",\"@id\":\"https:\\\/\\\/maasrijnschool.nl\\\/de\\\/kursangebot\\\/#primaryimage\",\"url\":\"https:\\\/\\\/maasrijnschool.nl\\\/wp-content\\\/uploads\\\/2026\\\/02\\\/Abdij_Rolduc_luchtfoto-q5rpb70pblh2jw1u4o6iq8spmpmjpz78wdn12r2u1s-1.jpg\",\"contentUrl\":\"https:\\\/\\\/maasrijnschool.nl\\\/wp-content\\\/uploads\\\/2026\\\/02\\\/Abdij_Rolduc_luchtfoto-q5rpb70pblh2jw1u4o6iq8spmpmjpz78wdn12r2u1s-1.jpg\"},{\"@type\":\"BreadcrumbList\",\"@id\":\"https:\\\/\\\/maasrijnschool.nl\\\/de\\\/kursangebot\\\/#breadcrumb\",\"itemListElement\":[{\"@type\":\"ListItem\",\"position\":1,\"name\":\"Home\",\"item\":\"https:\\\/\\\/maasrijnschool.nl\\\/de\\\/\"},{\"@type\":\"ListItem\",\"position\":2,\"name\":\"Kursangebot\"}]},{\"@type\":\"WebSite\",\"@id\":\"https:\\\/\\\/maasrijnschool.nl\\\/de\\\/#website\",\"url\":\"https:\\\/\\\/maasrijnschool.nl\\\/de\\\/\",\"name\":\"Maas-Rijn School voor taal\",\"description\":\"\",\"publisher\":{\"@id\":\"https:\\\/\\\/maasrijnschool.nl\\\/de\\\/#organization\"},\"potentialAction\":[{\"@type\":\"SearchAction\",\"target\":{\"@type\":\"EntryPoint\",\"urlTemplate\":\"https:\\\/\\\/maasrijnschool.nl\\\/de\\\/?s={search_term_string}\"},\"query-input\":{\"@type\":\"PropertyValueSpecification\",\"valueRequired\":true,\"valueName\":\"search_term_string\"}}],\"inLanguage\":\"de\"},{\"@type\":\"Organization\",\"@id\":\"https:\\\/\\\/maasrijnschool.nl\\\/de\\\/#organization\",\"name\":\"Maas-Rijn School voor taal\",\"url\":\"https:\\\/\\\/maasrijnschool.nl\\\/de\\\/\",\"logo\":{\"@type\":\"ImageObject\",\"inLanguage\":\"de\",\"@id\":\"https:\\\/\\\/maasrijnschool.nl\\\/de\\\/#\\\/schema\\\/logo\\\/image\\\/\",\"url\":\"https:\\\/\\\/maasrijnschool.nl\\\/wp-content\\\/uploads\\\/2026\\\/03\\\/mrs-logo.png\",\"contentUrl\":\"https:\\\/\\\/maasrijnschool.nl\\\/wp-content\\\/uploads\\\/2026\\\/03\\\/mrs-logo.png\",\"width\":350,\"height\":174,\"caption\":\"Maas-Rijn School voor taal\"},\"image\":{\"@id\":\"https:\\\/\\\/maasrijnschool.nl\\\/de\\\/#\\\/schema\\\/logo\\\/image\\\/\"}}]}<\/script>\n<!-- \/ Yoast SEO plugin. -->","yoast_head_json":{"title":"Kursangebot - Maas-Rijn School voor taal","robots":{"index":"index","follow":"follow","max-snippet":"max-snippet:-1","max-image-preview":"max-image-preview:large","max-video-preview":"max-video-preview:-1"},"canonical":"https:\/\/maasrijnschool.nl\/de\/kursangebot\/","og_locale":"de_DE","og_type":"article","og_title":"Kursangebot - Maas-Rijn School voor taal","og_description":"Das Eintauchen in eine Zweitsprache macht nicht nur Spa\u00df, sondern ist auch sehr n\u00fctzlich. Vielleicht fahren Sie immer wieder in den Urlaub in die Niederlande ...Lees meer >>","og_url":"https:\/\/maasrijnschool.nl\/de\/kursangebot\/","og_site_name":"Maas-Rijn School voor taal","article_modified_time":"2026-04-03T13:40:19+00:00","og_image":[{"width":800,"height":400,"url":"https:\/\/maasrijnschool.nl\/wp-content\/uploads\/2026\/02\/Abdij_Rolduc_luchtfoto-q5rpb70pblh2jw1u4o6iq8spmpmjpz78wdn12r2u1s-1.jpg","type":"image\/jpeg"}],"twitter_card":"summary_large_image","twitter_misc":{"Gesch\u00e4tzte Lesezeit":"2\u00a0Minuten"},"schema":{"@context":"https:\/\/schema.org","@graph":[{"@type":"WebPage","@id":"https:\/\/maasrijnschool.nl\/de\/kursangebot\/","url":"https:\/\/maasrijnschool.nl\/de\/kursangebot\/","name":"Kursangebot - Maas-Rijn School voor taal","isPartOf":{"@id":"https:\/\/maasrijnschool.nl\/de\/#website"},"primaryImageOfPage":{"@id":"https:\/\/maasrijnschool.nl\/de\/kursangebot\/#primaryimage"},"image":{"@id":"https:\/\/maasrijnschool.nl\/de\/kursangebot\/#primaryimage"},"thumbnailUrl":"https:\/\/maasrijnschool.nl\/wp-content\/uploads\/2026\/02\/Abdij_Rolduc_luchtfoto-q5rpb70pblh2jw1u4o6iq8spmpmjpz78wdn12r2u1s-1.jpg","datePublished":"2023-12-14T13:15:22+00:00","dateModified":"2026-04-03T13:40:19+00:00","breadcrumb":{"@id":"https:\/\/maasrijnschool.nl\/de\/kursangebot\/#breadcrumb"},"inLanguage":"de","potentialAction":[{"@type":"ReadAction","target":["https:\/\/maasrijnschool.nl\/de\/kursangebot\/"]}]},{"@type":"ImageObject","inLanguage":"de","@id":"https:\/\/maasrijnschool.nl\/de\/kursangebot\/#primaryimage","url":"https:\/\/maasrijnschool.nl\/wp-content\/uploads\/2026\/02\/Abdij_Rolduc_luchtfoto-q5rpb70pblh2jw1u4o6iq8spmpmjpz78wdn12r2u1s-1.jpg","contentUrl":"https:\/\/maasrijnschool.nl\/wp-content\/uploads\/2026\/02\/Abdij_Rolduc_luchtfoto-q5rpb70pblh2jw1u4o6iq8spmpmjpz78wdn12r2u1s-1.jpg"},{"@type":"BreadcrumbList","@id":"https:\/\/maasrijnschool.nl\/de\/kursangebot\/#breadcrumb","itemListElement":[{"@type":"ListItem","position":1,"name":"Home","item":"https:\/\/maasrijnschool.nl\/de\/"},{"@type":"ListItem","position":2,"name":"Kursangebot"}]},{"@type":"WebSite","@id":"https:\/\/maasrijnschool.nl\/de\/#website","url":"https:\/\/maasrijnschool.nl\/de\/","name":"Maas-Rijn School voor taal","description":"","publisher":{"@id":"https:\/\/maasrijnschool.nl\/de\/#organization"},"potentialAction":[{"@type":"SearchAction","target":{"@type":"EntryPoint","urlTemplate":"https:\/\/maasrijnschool.nl\/de\/?s={search_term_string}"},"query-input":{"@type":"PropertyValueSpecification","valueRequired":true,"valueName":"search_term_string"}}],"inLanguage":"de"},{"@type":"Organization","@id":"https:\/\/maasrijnschool.nl\/de\/#organization","name":"Maas-Rijn School voor taal","url":"https:\/\/maasrijnschool.nl\/de\/","logo":{"@type":"ImageObject","inLanguage":"de","@id":"https:\/\/maasrijnschool.nl\/de\/#\/schema\/logo\/image\/","url":"https:\/\/maasrijnschool.nl\/wp-content\/uploads\/2026\/03\/mrs-logo.png","contentUrl":"https:\/\/maasrijnschool.nl\/wp-content\/uploads\/2026\/03\/mrs-logo.png","width":350,"height":174,"caption":"Maas-Rijn School voor taal"},"image":{"@id":"https:\/\/maasrijnschool.nl\/de\/#\/schema\/logo\/image\/"}}]}},"_links":{"self":[{"href":"https:\/\/maasrijnschool.nl\/de\/wp-json\/wp\/v2\/pages\/1521","targetHints":{"allow":["GET"]}}],"collection":[{"href":"https:\/\/maasrijnschool.nl\/de\/wp-json\/wp\/v2\/pages"}],"about":[{"href":"https:\/\/maasrijnschool.nl\/de\/wp-json\/wp\/v2\/types\/page"}],"author":[{"embeddable":true,"href":"https:\/\/maasrijnschool.nl\/de\/wp-json\/wp\/v2\/users\/4"}],"replies":[{"embeddable":true,"href":"https:\/\/maasrijnschool.nl\/de\/wp-json\/wp\/v2\/comments?post=1521"}],"version-history":[{"count":22,"href":"https:\/\/maasrijnschool.nl\/de\/wp-json\/wp\/v2\/pages\/1521\/revisions"}],"predecessor-version":[{"id":4562,"href":"https:\/\/maasrijnschool.nl\/de\/wp-json\/wp\/v2\/pages\/1521\/revisions\/4562"}],"wp:attachment":[{"href":"https:\/\/maasrijnschool.nl\/de\/wp-json\/wp\/v2\/media?parent=1521"}],"wp:term":[{"taxonomy":"category","embeddable":true,"href":"https:\/\/maasrijnschool.nl\/de\/wp-json\/wp\/v2\/categories?post=1521"},{"taxonomy":"post_tag","embeddable":true,"href":"https:\/\/maasrijnschool.nl\/de\/wp-json\/wp\/v2\/tags?post=1521"}],"curies":[{"name":"wp","href":"https:\/\/api.w.org\/{rel}","templated":true}]}}