{"id":152,"date":"2020-12-03T09:53:03","date_gmt":"2020-12-03T09:53:03","guid":{"rendered":"https:\/\/maasrijnschool.nl\/contact\/"},"modified":"2026-03-18T09:13:42","modified_gmt":"2026-03-18T09:13:42","slug":"contact","status":"publish","type":"page","link":"https:\/\/maasrijnschool.nl\/de\/contact\/","title":{"rendered":"Kontakt"},"content":{"rendered":"\n<div class=\"wp-block-ugb-text ugb-text ugb-7364b34 ugb-text--design-plain ugb-text--columns-1 ugb-main-block\"><div class=\"ugb-inner-block\"><div class=\"ugb-block-content\"><div class=\"ugb-text__text-wrapper\"><div class=\"ugb-text__text\"><p class=\"ugb-text__text-1\">Sind Sie interessiert und m\u00f6chten Sie weitere Informationen zu unserem Angebot oder unseren Preisen erhalten? Dann kontaktieren Sie uns bitte \u00fcber die untenstehende Kontaktdaten.<br><br><strong>Maas-Rhein Schule <\/strong>f\u00fcr Sprachen<br><br>B\u00fcro und Unterrichtsort<br>C-Mill<br>Jan Campertstraat 5<br>6416 SG Heerlen<br>Niederlande<br><br>tel: +31 (0) 6 81 68 00 97<br>info@maasrijnschool.nl<br><\/p><\/div><\/div><\/div><\/div><\/div>\n\n\n\n<figure class=\"wp-block-image size-large\"><a href=\"https:\/\/www.openstreetmap.org\/search?query=jan+campertstraat+5+heerlen&amp;zoom=18&amp;minlon=7.142717242240906&amp;minlat=50.67859107051575&amp;maxlon=7.153016924858094&amp;maxlat=50.681663910588796#map=19\/50.882638\/6.003782\" target=\"_blank\" rel=\" noreferrer noopener\"><img loading=\"lazy\" decoding=\"async\" width=\"1024\" height=\"599\" src=\"https:\/\/maasrijnschool.nl\/wp-content\/uploads\/2026\/03\/Kaart-Osmand-1024x599.jpg\" alt=\"\" class=\"wp-image-4334\" srcset=\"https:\/\/maasrijnschool.nl\/wp-content\/uploads\/2026\/03\/Kaart-Osmand-1024x599.jpg 1024w, https:\/\/maasrijnschool.nl\/wp-content\/uploads\/2026\/03\/Kaart-Osmand-300x175.jpg 300w, https:\/\/maasrijnschool.nl\/wp-content\/uploads\/2026\/03\/Kaart-Osmand-768x449.jpg 768w, https:\/\/maasrijnschool.nl\/wp-content\/uploads\/2026\/03\/Kaart-Osmand.jpg 1409w\" sizes=\"auto, (max-width: 1024px) 100vw, 1024px\" \/><\/a><\/figure>\n\n\n\n<div class=\"wp-block-stackable-spacer stk-block-spacer stk--no-padding stk-block stk-9bdc95f\" data-block-id=\"9bdc95f\"><\/div>\n\n\n\n<div class=\"wp-block-stackable-text stk-block-text stk-block stk-d2eedde\" data-block-id=\"d2eedde\"><p class=\"stk-block-text__text\">Kontakt Formular<\/p><\/div>\n\n\n\n<div class=\"wpcf7 no-js\" id=\"wpcf7-f182-o1\" lang=\"de-DE\" dir=\"ltr\" data-wpcf7-id=\"182\">\n<div class=\"screen-reader-response\"><p role=\"status\" aria-live=\"polite\" aria-atomic=\"true\"><\/p> <ul><\/ul><\/div>\n<form action=\"\/de\/wp-json\/wp\/v2\/pages\/152#wpcf7-f182-o1\" method=\"post\" class=\"wpcf7-form init\" aria-label=\"Kontaktformular\" novalidate=\"novalidate\" data-status=\"init\">\n<fieldset class=\"hidden-fields-container\"><input type=\"hidden\" name=\"_wpcf7\" value=\"182\" \/><input type=\"hidden\" name=\"_wpcf7_version\" value=\"6.1.5\" \/><input type=\"hidden\" name=\"_wpcf7_locale\" value=\"de_DE\" \/><input type=\"hidden\" name=\"_wpcf7_unit_tag\" value=\"wpcf7-f182-o1\" \/><input type=\"hidden\" name=\"_wpcf7_container_post\" value=\"0\" \/><input type=\"hidden\" name=\"_wpcf7_posted_data_hash\" value=\"\" \/><input type=\"hidden\" name=\"_wpcf7_recaptcha_response\" value=\"\" \/>\n<\/fieldset>\n<p><label> Name<br \/>\n<span class=\"wpcf7-form-control-wrap\" data-name=\"your-name\"><input size=\"40\" maxlength=\"400\" class=\"wpcf7-form-control wpcf7-text wpcf7-validates-as-required\" aria-required=\"true\" aria-invalid=\"false\" value=\"\" type=\"text\" name=\"your-name\" \/><\/span> <\/label>\n<\/p>\n<p><label> E-Mail-Adresse<br \/>\n<span class=\"wpcf7-form-control-wrap\" data-name=\"your-email\"><input size=\"40\" maxlength=\"400\" class=\"wpcf7-form-control wpcf7-email wpcf7-validates-as-required wpcf7-text wpcf7-validates-as-email\" aria-required=\"true\" aria-invalid=\"false\" value=\"\" type=\"email\" name=\"your-email\" \/><\/span> <\/label>\n<\/p>\n<p><label> Thema<br \/>\n<span class=\"wpcf7-form-control-wrap\" data-name=\"your-subject\"><input size=\"40\" maxlength=\"400\" class=\"wpcf7-form-control wpcf7-text wpcf7-validates-as-required\" aria-required=\"true\" aria-invalid=\"false\" value=\"\" type=\"text\" name=\"your-subject\" \/><\/span> <\/label>\n<\/p>\n<p><label> Ihre Nachricht (optional)<br \/>\n<span class=\"wpcf7-form-control-wrap\" data-name=\"your-message\"><textarea cols=\"40\" rows=\"10\" maxlength=\"2000\" class=\"wpcf7-form-control wpcf7-textarea\" aria-invalid=\"false\" name=\"your-message\"><\/textarea><\/span> <\/label>\n<\/p>\n<p><input class=\"wpcf7-form-control wpcf7-submit has-spinner\" type=\"submit\" value=\"Senden\" \/>\n<\/p><div class=\"wpcf7-response-output\" aria-hidden=\"true\"><\/div>\n<\/form>\n<\/div>\n\n","protected":false},"excerpt":{"rendered":"<p>Sind Sie interessiert und m\u00f6chten Sie weitere Informationen zu unserem Angebot oder unseren Preisen erhalten? Dann kontaktieren Sie uns bitte \u00fcber die untenstehende Kontaktdaten. Maas-Rhein<a class=\"moretag\" href=\"https:\/\/maasrijnschool.nl\/de\/contact\/\"> &#8230;Lees meer >> <\/a><\/p>\n","protected":false},"author":1,"featured_media":0,"parent":0,"menu_order":0,"comment_status":"closed","ping_status":"closed","template":"single (12-03-2026, 13.30).php","meta":{"footnotes":""},"categories":[],"tags":[],"class_list":["post-152","page","type-page","status-publish","hentry"],"featured_image_urls_v2":{"full":"","thumbnail":"","medium":"","medium_large":"","large":"","1536x1536":"","2048x2048":""},"post_excerpt_stackable_v2":"<p>Sind Sie interessiert und m\u00f6chten Sie weitere Informationen zu unserem Angebot oder unseren Preisen erhalten? Dann kontaktieren Sie uns bitte \u00fcber die untenstehende Kontaktdaten.Maas-Rhein Schule f\u00fcr SprachenB\u00fcro und UnterrichtsortC-MillJan Campertstraat 56416 SG HeerlenNiederlandetel: +31 (0) 6 81 68 00 97info@maasrijnschool.nl Kontakt Formular Name E-Mail-Adresse Thema Ihre Nachricht (optional)<\/p>\n","category_list_v2":"Allgemein","author_info_v2":{"name":"T-Force MRS","url":"https:\/\/maasrijnschool.nl\/de\/author\/t-force-mrs\/"},"comments_num_v2":"0 comments","yoast_head":"<!-- This site is optimized with the Yoast SEO plugin v27.3 - https:\/\/yoast.com\/product\/yoast-seo-wordpress\/ -->\n<title>Kontakt - Maas-Rijn School voor taal<\/title>\n<meta name=\"robots\" content=\"index, follow, max-snippet:-1, max-image-preview:large, max-video-preview:-1\" \/>\n<link rel=\"canonical\" href=\"https:\/\/maasrijnschool.nl\/de\/contact\/\" \/>\n<meta property=\"og:locale\" content=\"de_DE\" \/>\n<meta property=\"og:type\" content=\"article\" \/>\n<meta property=\"og:title\" content=\"Kontakt - Maas-Rijn School voor taal\" \/>\n<meta property=\"og:description\" content=\"Sind Sie interessiert und m\u00f6chten Sie weitere Informationen zu unserem Angebot oder unseren Preisen erhalten? Dann kontaktieren Sie uns bitte \u00fcber die untenstehende Kontaktdaten. Maas-Rhein ...Lees meer &gt;&gt;\" \/>\n<meta property=\"og:url\" content=\"https:\/\/maasrijnschool.nl\/de\/contact\/\" \/>\n<meta property=\"og:site_name\" content=\"Maas-Rijn School voor taal\" \/>\n<meta property=\"article:modified_time\" content=\"2026-03-18T09:13:42+00:00\" \/>\n<meta property=\"og:image\" content=\"https:\/\/maasrijnschool.nl\/wp-content\/uploads\/2026\/03\/Kaart-Osmand.jpg\" \/>\n\t<meta property=\"og:image:width\" content=\"1409\" \/>\n\t<meta property=\"og:image:height\" content=\"824\" \/>\n\t<meta property=\"og:image:type\" content=\"image\/jpeg\" \/>\n<meta name=\"twitter:card\" content=\"summary_large_image\" \/>\n<meta name=\"twitter:label1\" content=\"Gesch\u00e4tzte Lesezeit\" \/>\n\t<meta name=\"twitter:data1\" content=\"1\u00a0Minute\" \/>\n<script type=\"application\/ld+json\" class=\"yoast-schema-graph\">{\"@context\":\"https:\\\/\\\/schema.org\",\"@graph\":[{\"@type\":\"WebPage\",\"@id\":\"https:\\\/\\\/maasrijnschool.nl\\\/de\\\/contact\\\/\",\"url\":\"https:\\\/\\\/maasrijnschool.nl\\\/de\\\/contact\\\/\",\"name\":\"Kontakt - Maas-Rijn School voor taal\",\"isPartOf\":{\"@id\":\"https:\\\/\\\/maasrijnschool.nl\\\/de\\\/#website\"},\"primaryImageOfPage\":{\"@id\":\"https:\\\/\\\/maasrijnschool.nl\\\/de\\\/contact\\\/#primaryimage\"},\"image\":{\"@id\":\"https:\\\/\\\/maasrijnschool.nl\\\/de\\\/contact\\\/#primaryimage\"},\"thumbnailUrl\":\"https:\\\/\\\/maasrijnschool.nl\\\/wp-content\\\/uploads\\\/2026\\\/03\\\/Kaart-Osmand-1024x599.jpg\",\"datePublished\":\"2020-12-03T09:53:03+00:00\",\"dateModified\":\"2026-03-18T09:13:42+00:00\",\"breadcrumb\":{\"@id\":\"https:\\\/\\\/maasrijnschool.nl\\\/de\\\/contact\\\/#breadcrumb\"},\"inLanguage\":\"de\",\"potentialAction\":[{\"@type\":\"ReadAction\",\"target\":[\"https:\\\/\\\/maasrijnschool.nl\\\/de\\\/contact\\\/\"]}]},{\"@type\":\"ImageObject\",\"inLanguage\":\"de\",\"@id\":\"https:\\\/\\\/maasrijnschool.nl\\\/de\\\/contact\\\/#primaryimage\",\"url\":\"https:\\\/\\\/maasrijnschool.nl\\\/wp-content\\\/uploads\\\/2026\\\/03\\\/Kaart-Osmand-1024x599.jpg\",\"contentUrl\":\"https:\\\/\\\/maasrijnschool.nl\\\/wp-content\\\/uploads\\\/2026\\\/03\\\/Kaart-Osmand-1024x599.jpg\"},{\"@type\":\"BreadcrumbList\",\"@id\":\"https:\\\/\\\/maasrijnschool.nl\\\/de\\\/contact\\\/#breadcrumb\",\"itemListElement\":[{\"@type\":\"ListItem\",\"position\":1,\"name\":\"Home\",\"item\":\"https:\\\/\\\/maasrijnschool.nl\\\/de\\\/\"},{\"@type\":\"ListItem\",\"position\":2,\"name\":\"Kontakt\"}]},{\"@type\":\"WebSite\",\"@id\":\"https:\\\/\\\/maasrijnschool.nl\\\/de\\\/#website\",\"url\":\"https:\\\/\\\/maasrijnschool.nl\\\/de\\\/\",\"name\":\"Maas-Rijn School voor taal\",\"description\":\"\",\"publisher\":{\"@id\":\"https:\\\/\\\/maasrijnschool.nl\\\/de\\\/#organization\"},\"potentialAction\":[{\"@type\":\"SearchAction\",\"target\":{\"@type\":\"EntryPoint\",\"urlTemplate\":\"https:\\\/\\\/maasrijnschool.nl\\\/de\\\/?s={search_term_string}\"},\"query-input\":{\"@type\":\"PropertyValueSpecification\",\"valueRequired\":true,\"valueName\":\"search_term_string\"}}],\"inLanguage\":\"de\"},{\"@type\":\"Organization\",\"@id\":\"https:\\\/\\\/maasrijnschool.nl\\\/de\\\/#organization\",\"name\":\"Maas-Rijn School voor taal\",\"url\":\"https:\\\/\\\/maasrijnschool.nl\\\/de\\\/\",\"logo\":{\"@type\":\"ImageObject\",\"inLanguage\":\"de\",\"@id\":\"https:\\\/\\\/maasrijnschool.nl\\\/de\\\/#\\\/schema\\\/logo\\\/image\\\/\",\"url\":\"https:\\\/\\\/maasrijnschool.nl\\\/wp-content\\\/uploads\\\/2026\\\/03\\\/mrs-logo.png\",\"contentUrl\":\"https:\\\/\\\/maasrijnschool.nl\\\/wp-content\\\/uploads\\\/2026\\\/03\\\/mrs-logo.png\",\"width\":350,\"height\":174,\"caption\":\"Maas-Rijn School voor taal\"},\"image\":{\"@id\":\"https:\\\/\\\/maasrijnschool.nl\\\/de\\\/#\\\/schema\\\/logo\\\/image\\\/\"}}]}<\/script>\n<!-- \/ Yoast SEO plugin. -->","yoast_head_json":{"title":"Kontakt - Maas-Rijn School voor taal","robots":{"index":"index","follow":"follow","max-snippet":"max-snippet:-1","max-image-preview":"max-image-preview:large","max-video-preview":"max-video-preview:-1"},"canonical":"https:\/\/maasrijnschool.nl\/de\/contact\/","og_locale":"de_DE","og_type":"article","og_title":"Kontakt - Maas-Rijn School voor taal","og_description":"Sind Sie interessiert und m\u00f6chten Sie weitere Informationen zu unserem Angebot oder unseren Preisen erhalten? Dann kontaktieren Sie uns bitte \u00fcber die untenstehende Kontaktdaten. Maas-Rhein ...Lees meer >>","og_url":"https:\/\/maasrijnschool.nl\/de\/contact\/","og_site_name":"Maas-Rijn School voor taal","article_modified_time":"2026-03-18T09:13:42+00:00","og_image":[{"width":1409,"height":824,"url":"https:\/\/maasrijnschool.nl\/wp-content\/uploads\/2026\/03\/Kaart-Osmand.jpg","type":"image\/jpeg"}],"twitter_card":"summary_large_image","twitter_misc":{"Gesch\u00e4tzte Lesezeit":"1\u00a0Minute"},"schema":{"@context":"https:\/\/schema.org","@graph":[{"@type":"WebPage","@id":"https:\/\/maasrijnschool.nl\/de\/contact\/","url":"https:\/\/maasrijnschool.nl\/de\/contact\/","name":"Kontakt - Maas-Rijn School voor taal","isPartOf":{"@id":"https:\/\/maasrijnschool.nl\/de\/#website"},"primaryImageOfPage":{"@id":"https:\/\/maasrijnschool.nl\/de\/contact\/#primaryimage"},"image":{"@id":"https:\/\/maasrijnschool.nl\/de\/contact\/#primaryimage"},"thumbnailUrl":"https:\/\/maasrijnschool.nl\/wp-content\/uploads\/2026\/03\/Kaart-Osmand-1024x599.jpg","datePublished":"2020-12-03T09:53:03+00:00","dateModified":"2026-03-18T09:13:42+00:00","breadcrumb":{"@id":"https:\/\/maasrijnschool.nl\/de\/contact\/#breadcrumb"},"inLanguage":"de","potentialAction":[{"@type":"ReadAction","target":["https:\/\/maasrijnschool.nl\/de\/contact\/"]}]},{"@type":"ImageObject","inLanguage":"de","@id":"https:\/\/maasrijnschool.nl\/de\/contact\/#primaryimage","url":"https:\/\/maasrijnschool.nl\/wp-content\/uploads\/2026\/03\/Kaart-Osmand-1024x599.jpg","contentUrl":"https:\/\/maasrijnschool.nl\/wp-content\/uploads\/2026\/03\/Kaart-Osmand-1024x599.jpg"},{"@type":"BreadcrumbList","@id":"https:\/\/maasrijnschool.nl\/de\/contact\/#breadcrumb","itemListElement":[{"@type":"ListItem","position":1,"name":"Home","item":"https:\/\/maasrijnschool.nl\/de\/"},{"@type":"ListItem","position":2,"name":"Kontakt"}]},{"@type":"WebSite","@id":"https:\/\/maasrijnschool.nl\/de\/#website","url":"https:\/\/maasrijnschool.nl\/de\/","name":"Maas-Rijn School voor taal","description":"","publisher":{"@id":"https:\/\/maasrijnschool.nl\/de\/#organization"},"potentialAction":[{"@type":"SearchAction","target":{"@type":"EntryPoint","urlTemplate":"https:\/\/maasrijnschool.nl\/de\/?s={search_term_string}"},"query-input":{"@type":"PropertyValueSpecification","valueRequired":true,"valueName":"search_term_string"}}],"inLanguage":"de"},{"@type":"Organization","@id":"https:\/\/maasrijnschool.nl\/de\/#organization","name":"Maas-Rijn School voor taal","url":"https:\/\/maasrijnschool.nl\/de\/","logo":{"@type":"ImageObject","inLanguage":"de","@id":"https:\/\/maasrijnschool.nl\/de\/#\/schema\/logo\/image\/","url":"https:\/\/maasrijnschool.nl\/wp-content\/uploads\/2026\/03\/mrs-logo.png","contentUrl":"https:\/\/maasrijnschool.nl\/wp-content\/uploads\/2026\/03\/mrs-logo.png","width":350,"height":174,"caption":"Maas-Rijn School voor taal"},"image":{"@id":"https:\/\/maasrijnschool.nl\/de\/#\/schema\/logo\/image\/"}}]}},"_links":{"self":[{"href":"https:\/\/maasrijnschool.nl\/de\/wp-json\/wp\/v2\/pages\/152","targetHints":{"allow":["GET"]}}],"collection":[{"href":"https:\/\/maasrijnschool.nl\/de\/wp-json\/wp\/v2\/pages"}],"about":[{"href":"https:\/\/maasrijnschool.nl\/de\/wp-json\/wp\/v2\/types\/page"}],"author":[{"embeddable":true,"href":"https:\/\/maasrijnschool.nl\/de\/wp-json\/wp\/v2\/users\/1"}],"replies":[{"embeddable":true,"href":"https:\/\/maasrijnschool.nl\/de\/wp-json\/wp\/v2\/comments?post=152"}],"version-history":[{"count":11,"href":"https:\/\/maasrijnschool.nl\/de\/wp-json\/wp\/v2\/pages\/152\/revisions"}],"predecessor-version":[{"id":4459,"href":"https:\/\/maasrijnschool.nl\/de\/wp-json\/wp\/v2\/pages\/152\/revisions\/4459"}],"wp:attachment":[{"href":"https:\/\/maasrijnschool.nl\/de\/wp-json\/wp\/v2\/media?parent=152"}],"wp:term":[{"taxonomy":"category","embeddable":true,"href":"https:\/\/maasrijnschool.nl\/de\/wp-json\/wp\/v2\/categories?post=152"},{"taxonomy":"post_tag","embeddable":true,"href":"https:\/\/maasrijnschool.nl\/de\/wp-json\/wp\/v2\/tags?post=152"}],"curies":[{"name":"wp","href":"https:\/\/api.w.org\/{rel}","templated":true}]}}