{"id":1509,"date":"2023-12-14T12:57:25","date_gmt":"2023-12-14T12:57:25","guid":{"rendered":"https:\/\/maasrijnschool.nl\/?page_id=1509"},"modified":"2026-04-06T14:48:23","modified_gmt":"2026-04-06T14:48:23","slug":"franzoesisch","status":"publish","type":"page","link":"https:\/\/maasrijnschool.nl\/de\/franzoesisch\/","title":{"rendered":"Franz\u00f6sisch"},"content":{"rendered":"\n<div class=\"wp-block-stackable-spacer stk-block-spacer stk--no-padding stk-block stk-b3af8dd\" data-block-id=\"b3af8dd\"><style>.stk-b3af8dd {height:50px !important;}<\/style><\/div>\n\n\n\n<h6 class=\"wp-block-heading\">Anf\u00e4nger &#8211; A1<\/h6>\n\n\n\n<p>In diesem Kurs auf diesem Niveau lernen Sie die Grundlagen der franz\u00f6sischen Sprache und konzentrieren sich auf die &#8222;Kommunikation f\u00fcr unterwegs&#8220;. Nach dem Weg fragen, eine Bestellung aufgeben, verstehen, wie sp\u00e4t es ist &#8211; nach diesem Kurs wird das kein Problem mehr sein.<\/p>\n\n\n\n<p>Der Standardkurs besteht aus drei\u00dfig eineinhalbst\u00fcndigen Lektionen, in denen wir Ihnen auch Hausaufgaben aufgeben. Nach diesen Lektionen werden Sie in der Lage sein, sich in Frankreich auf dem Flughafen, auf der Stra\u00dfe, im Hotel, im Restaurant und so weiter zurechtzufinden.<\/p>\n\n\n\n<p>Nat\u00fcrlich sind alle Arten von ma\u00dfgeschneiderten L\u00f6sungen m\u00f6glich. Sie k\u00f6nnen dies jederzeit mit uns besprechen.<\/p>\n\n\n\n<div class=\"wp-block-stackable-spacer stk-block-spacer stk--no-padding stk-block stk-fc8952d\" data-block-id=\"fc8952d\"><\/div>\n\n\n\n<h6 class=\"wp-block-heading\">Anf\u00e4nger &#8211; bis zu A2<\/h6>\n\n\n\n<p>Dieser Kurs ist f\u00fcr diejenigen gedacht, die geringe Franz\u00f6sischkenntnisse haben und in relativ kurzer Zeit in der Lage sein wollen, sich in allt\u00e4glichen Situationen in der Schule, auf einer Gesch\u00e4ftsreise, im Urlaub oder am Arbeitsplatz zurechtzufinden.<\/p>\n\n\n\n<p>Im Unterricht wird auf die kommunikativen Sprachkenntnisse geachtet: gut sprechen, ohne Angst vor dem Sprechen, auf eine verst\u00e4ndliche Aussprache achten. Au\u00dferdem wird viel Wert auf das H\u00f6r- und Leseverstehen sowie auf die wichtigsten Grammatikthemen gelegt.<\/p>\n\n\n\n<p>Bei allen Programmen bleibt Raum f\u00fcr Ihre eigenen Beitr\u00e4ge, damit der Unterricht optimal auf Ihre pers\u00f6nlichen Lernbed\u00fcrfnisse abgestimmt ist.<\/p>\n\n\n\n<div class=\"wp-block-stackable-spacer stk-block-spacer stk--no-padding stk-block stk-16f6fae\" data-block-id=\"16f6fae\"><\/div>\n\n\n\n<h6 class=\"wp-block-heading\">Fortgeschrittene &#8211; ab B1<\/h6>\n\n\n\n<p>Sie verf\u00fcgen bereits \u00fcber gute Franz\u00f6sischkenntnisse, m\u00f6chten diese aber weiter ausbauen? Dann ist der Franz\u00f6sischkurs f\u00fcr Fortgeschrittene genau das Richtige f\u00fcr Sie.<\/p>\n\n\n\n<p>In diesem Kurs sprechen, schreiben und h\u00f6ren wir anhand von Themen, die Sie vorschlagen k\u00f6nnen. Wir bauen auf den vorhandenen Sprachkenntnissen auf und sorgen daf\u00fcr, dass diese erweitert werden. Wir legen gro\u00dfen Wert auf das Verst\u00e4ndnis der franz\u00f6sischen Sprache und vertiefen jedes Mal die Grammatik, damit Sie die Sprache flie\u00dfend beherrschen.<\/p>\n\n\n\n<div class=\"wp-block-stackable-spacer stk-block-spacer stk--no-padding stk-block stk-68ffe48\" data-block-id=\"68ffe48\"><\/div>\n\n\n\n<h6 class=\"wp-block-heading\">Intensivkurs<\/h6>\n\n\n\n<p>Dieser Kurs umfasst eine Woche von f\u00fcnf Tagen mit vier bis sechs Unterrichtsstunden pro Tag, je nach deinen Bed\u00fcrfnissen, wobei so viel wie m\u00f6glich Franz\u00f6sisch gesprochen wird.<\/p>\n\n\n\n<div class=\"wp-block-stackable-text stk-block-text stk-block stk-4975c75\" data-block-id=\"4975c75\"><p class=\"stk-block-text__text\">Den Inhalt des Intensivkurses legen wir gemeinsam fest. Wir sorgen f\u00fcr ein ma\u00dfgeschneidertes Programm, das deinen Zielen und W\u00fcnschen entspricht. Dieser Kurs kann um eine oder mehrere Wochen verl\u00e4ngert werden.<\/p><\/div>\n\n\n\n<figure class=\"wp-block-image\"><a href=\"https:\/\/rolduc.com\/omgeving\/\" target=\"_blank\" rel=\" noreferrer noopener\"><img loading=\"lazy\" decoding=\"async\" width=\"800\" height=\"400\" src=\"https:\/\/maasrijnschool.nl\/wp-content\/uploads\/2026\/02\/Abdij_Rolduc_luchtfoto-q5rpb70pblh2jw1u4o6iq8spmpmjpz78wdn12r2u1s-1.jpg\" alt=\"\" class=\"wp-image-4089\" srcset=\"https:\/\/maasrijnschool.nl\/wp-content\/uploads\/2026\/02\/Abdij_Rolduc_luchtfoto-q5rpb70pblh2jw1u4o6iq8spmpmjpz78wdn12r2u1s-1.jpg 800w, https:\/\/maasrijnschool.nl\/wp-content\/uploads\/2026\/02\/Abdij_Rolduc_luchtfoto-q5rpb70pblh2jw1u4o6iq8spmpmjpz78wdn12r2u1s-1-300x150.jpg 300w, https:\/\/maasrijnschool.nl\/wp-content\/uploads\/2026\/02\/Abdij_Rolduc_luchtfoto-q5rpb70pblh2jw1u4o6iq8spmpmjpz78wdn12r2u1s-1-768x384.jpg 768w\" sizes=\"auto, (max-width: 800px) 100vw, 800px\" \/><\/a><\/figure>\n\n\n\n<div class=\"wp-block-stackable-spacer stk-block-spacer stk--no-padding stk-block stk-fe2a595\" data-block-id=\"fe2a595\"><style>.stk-fe2a595 {height:24px !important;}<\/style><\/div>\n\n\n\n<p>Der Intensivkurs wird ausschlie\u00dflich vor Ort in S\u00fcdlimburg angeboten. Dies kann in der Abtei Rolduc in Kerkrade oder am Standort C-Mill der Maas-Rhein Schule in Heerlen sein. Die Unterbringung kann im <a href=\"https:\/\/rolduc.com\/\">Abtei Hotel Rolduc<\/a> oder im <a href=\"https:\/\/www.snowworld.com\/nl\/hotel\/kamers\">Alpine Hotel Snowworld<\/a> erfolgen.<\/p>\n\n\n\n<div class=\"wp-block-stackable-text stk-block-text stk-block stk-d8cd4ea\" data-block-id=\"d8cd4ea\"><p class=\"stk-block-text__text\"><\/p><\/div>\n","protected":false},"excerpt":{"rendered":"<p>Anf\u00e4nger &#8211; A1 In diesem Kurs auf diesem Niveau lernen Sie die Grundlagen der franz\u00f6sischen Sprache und konzentrieren sich auf die &#8222;Kommunikation f\u00fcr unterwegs&#8220;. Nach<a class=\"moretag\" href=\"https:\/\/maasrijnschool.nl\/de\/franzoesisch\/\"> &#8230;Lees meer >> <\/a><\/p>\n","protected":false},"author":4,"featured_media":0,"parent":0,"menu_order":0,"comment_status":"closed","ping_status":"closed","template":"single (12-03-2026, 13.30).php","meta":{"footnotes":""},"categories":[],"tags":[],"class_list":["post-1509","page","type-page","status-publish","hentry"],"featured_image_urls_v2":{"full":"","thumbnail":"","medium":"","medium_large":"","large":"","1536x1536":"","2048x2048":""},"post_excerpt_stackable_v2":"<p>Anf\u00e4nger &#8211; A1 In diesem Kurs auf diesem Niveau lernen Sie die Grundlagen der franz\u00f6sischen Sprache und konzentrieren sich auf die &#8222;Kommunikation f\u00fcr unterwegs&#8220;. Nach dem Weg fragen, eine Bestellung aufgeben, verstehen, wie sp\u00e4t es ist &#8211; nach diesem Kurs wird das kein Problem mehr sein. Der Standardkurs besteht aus drei\u00dfig eineinhalbst\u00fcndigen Lektionen, in denen wir Ihnen auch Hausaufgaben aufgeben. Nach diesen Lektionen werden Sie in der Lage sein, sich in Frankreich auf dem Flughafen, auf der Stra\u00dfe, im Hotel, im Restaurant und so weiter zurechtzufinden. Nat\u00fcrlich sind alle Arten von ma\u00dfgeschneiderten L\u00f6sungen m\u00f6glich. Sie k\u00f6nnen dies jederzeit mit uns&hellip;<\/p>\n","category_list_v2":"Allgemein","author_info_v2":{"name":"Jenny Kranendonk","url":"https:\/\/maasrijnschool.nl\/de\/author\/jenny\/"},"comments_num_v2":"0 comments","yoast_head":"<!-- This site is optimized with the Yoast SEO plugin v27.3 - https:\/\/yoast.com\/product\/yoast-seo-wordpress\/ -->\n<title>Franz\u00f6sisch - Maas-Rijn School voor taal<\/title>\n<meta name=\"description\" content=\"Standard oder Intensivkurs Franz\u00f6sisch in Euregio Aachen, L\u00fcttich, Maastricht\" \/>\n<meta name=\"robots\" content=\"index, follow, max-snippet:-1, max-image-preview:large, max-video-preview:-1\" \/>\n<link rel=\"canonical\" href=\"https:\/\/maasrijnschool.nl\/de\/franzoesisch\/\" \/>\n<meta property=\"og:locale\" content=\"de_DE\" \/>\n<meta property=\"og:type\" content=\"article\" \/>\n<meta property=\"og:title\" content=\"Franz\u00f6sisch - Maas-Rijn School voor taal\" \/>\n<meta property=\"og:description\" content=\"Standard oder Intensivkurs Franz\u00f6sisch in Euregio Aachen, L\u00fcttich, Maastricht\" \/>\n<meta property=\"og:url\" content=\"https:\/\/maasrijnschool.nl\/de\/franzoesisch\/\" \/>\n<meta property=\"og:site_name\" content=\"Maas-Rijn School voor taal\" \/>\n<meta property=\"article:modified_time\" content=\"2026-04-06T14:48:23+00:00\" \/>\n<meta property=\"og:image\" content=\"https:\/\/maasrijnschool.nl\/wp-content\/uploads\/2026\/02\/Abdij_Rolduc_luchtfoto-q5rpb70pblh2jw1u4o6iq8spmpmjpz78wdn12r2u1s-1.jpg\" \/>\n\t<meta property=\"og:image:width\" content=\"800\" \/>\n\t<meta property=\"og:image:height\" content=\"400\" \/>\n\t<meta property=\"og:image:type\" content=\"image\/jpeg\" \/>\n<meta name=\"twitter:card\" content=\"summary_large_image\" \/>\n<meta name=\"twitter:label1\" content=\"Gesch\u00e4tzte Lesezeit\" \/>\n\t<meta name=\"twitter:data1\" content=\"3\u00a0Minuten\" \/>\n<script type=\"application\/ld+json\" class=\"yoast-schema-graph\">{\"@context\":\"https:\\\/\\\/schema.org\",\"@graph\":[{\"@type\":\"WebPage\",\"@id\":\"https:\\\/\\\/maasrijnschool.nl\\\/de\\\/franzoesisch\\\/\",\"url\":\"https:\\\/\\\/maasrijnschool.nl\\\/de\\\/franzoesisch\\\/\",\"name\":\"Franz\u00f6sisch - Maas-Rijn School voor taal\",\"isPartOf\":{\"@id\":\"https:\\\/\\\/maasrijnschool.nl\\\/de\\\/#website\"},\"primaryImageOfPage\":{\"@id\":\"https:\\\/\\\/maasrijnschool.nl\\\/de\\\/franzoesisch\\\/#primaryimage\"},\"image\":{\"@id\":\"https:\\\/\\\/maasrijnschool.nl\\\/de\\\/franzoesisch\\\/#primaryimage\"},\"thumbnailUrl\":\"https:\\\/\\\/maasrijnschool.nl\\\/wp-content\\\/uploads\\\/2026\\\/02\\\/Abdij_Rolduc_luchtfoto-q5rpb70pblh2jw1u4o6iq8spmpmjpz78wdn12r2u1s-1.jpg\",\"datePublished\":\"2023-12-14T12:57:25+00:00\",\"dateModified\":\"2026-04-06T14:48:23+00:00\",\"description\":\"Standard oder Intensivkurs Franz\u00f6sisch in Euregio Aachen, L\u00fcttich, Maastricht\",\"breadcrumb\":{\"@id\":\"https:\\\/\\\/maasrijnschool.nl\\\/de\\\/franzoesisch\\\/#breadcrumb\"},\"inLanguage\":\"de\",\"potentialAction\":[{\"@type\":\"ReadAction\",\"target\":[\"https:\\\/\\\/maasrijnschool.nl\\\/de\\\/franzoesisch\\\/\"]}]},{\"@type\":\"ImageObject\",\"inLanguage\":\"de\",\"@id\":\"https:\\\/\\\/maasrijnschool.nl\\\/de\\\/franzoesisch\\\/#primaryimage\",\"url\":\"https:\\\/\\\/maasrijnschool.nl\\\/wp-content\\\/uploads\\\/2026\\\/02\\\/Abdij_Rolduc_luchtfoto-q5rpb70pblh2jw1u4o6iq8spmpmjpz78wdn12r2u1s-1.jpg\",\"contentUrl\":\"https:\\\/\\\/maasrijnschool.nl\\\/wp-content\\\/uploads\\\/2026\\\/02\\\/Abdij_Rolduc_luchtfoto-q5rpb70pblh2jw1u4o6iq8spmpmjpz78wdn12r2u1s-1.jpg\"},{\"@type\":\"BreadcrumbList\",\"@id\":\"https:\\\/\\\/maasrijnschool.nl\\\/de\\\/franzoesisch\\\/#breadcrumb\",\"itemListElement\":[{\"@type\":\"ListItem\",\"position\":1,\"name\":\"Home\",\"item\":\"https:\\\/\\\/maasrijnschool.nl\\\/de\\\/\"},{\"@type\":\"ListItem\",\"position\":2,\"name\":\"Franz\u00f6sisch\"}]},{\"@type\":\"WebSite\",\"@id\":\"https:\\\/\\\/maasrijnschool.nl\\\/de\\\/#website\",\"url\":\"https:\\\/\\\/maasrijnschool.nl\\\/de\\\/\",\"name\":\"Maas-Rijn School voor taal\",\"description\":\"\",\"publisher\":{\"@id\":\"https:\\\/\\\/maasrijnschool.nl\\\/de\\\/#organization\"},\"potentialAction\":[{\"@type\":\"SearchAction\",\"target\":{\"@type\":\"EntryPoint\",\"urlTemplate\":\"https:\\\/\\\/maasrijnschool.nl\\\/de\\\/?s={search_term_string}\"},\"query-input\":{\"@type\":\"PropertyValueSpecification\",\"valueRequired\":true,\"valueName\":\"search_term_string\"}}],\"inLanguage\":\"de\"},{\"@type\":\"Organization\",\"@id\":\"https:\\\/\\\/maasrijnschool.nl\\\/de\\\/#organization\",\"name\":\"Maas-Rijn School voor taal\",\"url\":\"https:\\\/\\\/maasrijnschool.nl\\\/de\\\/\",\"logo\":{\"@type\":\"ImageObject\",\"inLanguage\":\"de\",\"@id\":\"https:\\\/\\\/maasrijnschool.nl\\\/de\\\/#\\\/schema\\\/logo\\\/image\\\/\",\"url\":\"https:\\\/\\\/maasrijnschool.nl\\\/wp-content\\\/uploads\\\/2026\\\/03\\\/mrs-logo.png\",\"contentUrl\":\"https:\\\/\\\/maasrijnschool.nl\\\/wp-content\\\/uploads\\\/2026\\\/03\\\/mrs-logo.png\",\"width\":350,\"height\":174,\"caption\":\"Maas-Rijn School voor taal\"},\"image\":{\"@id\":\"https:\\\/\\\/maasrijnschool.nl\\\/de\\\/#\\\/schema\\\/logo\\\/image\\\/\"}}]}<\/script>\n<!-- \/ Yoast SEO plugin. -->","yoast_head_json":{"title":"Franz\u00f6sisch - Maas-Rijn School voor taal","description":"Standard oder Intensivkurs Franz\u00f6sisch in Euregio Aachen, L\u00fcttich, Maastricht","robots":{"index":"index","follow":"follow","max-snippet":"max-snippet:-1","max-image-preview":"max-image-preview:large","max-video-preview":"max-video-preview:-1"},"canonical":"https:\/\/maasrijnschool.nl\/de\/franzoesisch\/","og_locale":"de_DE","og_type":"article","og_title":"Franz\u00f6sisch - Maas-Rijn School voor taal","og_description":"Standard oder Intensivkurs Franz\u00f6sisch in Euregio Aachen, L\u00fcttich, Maastricht","og_url":"https:\/\/maasrijnschool.nl\/de\/franzoesisch\/","og_site_name":"Maas-Rijn School voor taal","article_modified_time":"2026-04-06T14:48:23+00:00","og_image":[{"width":800,"height":400,"url":"https:\/\/maasrijnschool.nl\/wp-content\/uploads\/2026\/02\/Abdij_Rolduc_luchtfoto-q5rpb70pblh2jw1u4o6iq8spmpmjpz78wdn12r2u1s-1.jpg","type":"image\/jpeg"}],"twitter_card":"summary_large_image","twitter_misc":{"Gesch\u00e4tzte Lesezeit":"3\u00a0Minuten"},"schema":{"@context":"https:\/\/schema.org","@graph":[{"@type":"WebPage","@id":"https:\/\/maasrijnschool.nl\/de\/franzoesisch\/","url":"https:\/\/maasrijnschool.nl\/de\/franzoesisch\/","name":"Franz\u00f6sisch - Maas-Rijn School voor taal","isPartOf":{"@id":"https:\/\/maasrijnschool.nl\/de\/#website"},"primaryImageOfPage":{"@id":"https:\/\/maasrijnschool.nl\/de\/franzoesisch\/#primaryimage"},"image":{"@id":"https:\/\/maasrijnschool.nl\/de\/franzoesisch\/#primaryimage"},"thumbnailUrl":"https:\/\/maasrijnschool.nl\/wp-content\/uploads\/2026\/02\/Abdij_Rolduc_luchtfoto-q5rpb70pblh2jw1u4o6iq8spmpmjpz78wdn12r2u1s-1.jpg","datePublished":"2023-12-14T12:57:25+00:00","dateModified":"2026-04-06T14:48:23+00:00","description":"Standard oder Intensivkurs Franz\u00f6sisch in Euregio Aachen, L\u00fcttich, Maastricht","breadcrumb":{"@id":"https:\/\/maasrijnschool.nl\/de\/franzoesisch\/#breadcrumb"},"inLanguage":"de","potentialAction":[{"@type":"ReadAction","target":["https:\/\/maasrijnschool.nl\/de\/franzoesisch\/"]}]},{"@type":"ImageObject","inLanguage":"de","@id":"https:\/\/maasrijnschool.nl\/de\/franzoesisch\/#primaryimage","url":"https:\/\/maasrijnschool.nl\/wp-content\/uploads\/2026\/02\/Abdij_Rolduc_luchtfoto-q5rpb70pblh2jw1u4o6iq8spmpmjpz78wdn12r2u1s-1.jpg","contentUrl":"https:\/\/maasrijnschool.nl\/wp-content\/uploads\/2026\/02\/Abdij_Rolduc_luchtfoto-q5rpb70pblh2jw1u4o6iq8spmpmjpz78wdn12r2u1s-1.jpg"},{"@type":"BreadcrumbList","@id":"https:\/\/maasrijnschool.nl\/de\/franzoesisch\/#breadcrumb","itemListElement":[{"@type":"ListItem","position":1,"name":"Home","item":"https:\/\/maasrijnschool.nl\/de\/"},{"@type":"ListItem","position":2,"name":"Franz\u00f6sisch"}]},{"@type":"WebSite","@id":"https:\/\/maasrijnschool.nl\/de\/#website","url":"https:\/\/maasrijnschool.nl\/de\/","name":"Maas-Rijn School voor taal","description":"","publisher":{"@id":"https:\/\/maasrijnschool.nl\/de\/#organization"},"potentialAction":[{"@type":"SearchAction","target":{"@type":"EntryPoint","urlTemplate":"https:\/\/maasrijnschool.nl\/de\/?s={search_term_string}"},"query-input":{"@type":"PropertyValueSpecification","valueRequired":true,"valueName":"search_term_string"}}],"inLanguage":"de"},{"@type":"Organization","@id":"https:\/\/maasrijnschool.nl\/de\/#organization","name":"Maas-Rijn School voor taal","url":"https:\/\/maasrijnschool.nl\/de\/","logo":{"@type":"ImageObject","inLanguage":"de","@id":"https:\/\/maasrijnschool.nl\/de\/#\/schema\/logo\/image\/","url":"https:\/\/maasrijnschool.nl\/wp-content\/uploads\/2026\/03\/mrs-logo.png","contentUrl":"https:\/\/maasrijnschool.nl\/wp-content\/uploads\/2026\/03\/mrs-logo.png","width":350,"height":174,"caption":"Maas-Rijn School voor taal"},"image":{"@id":"https:\/\/maasrijnschool.nl\/de\/#\/schema\/logo\/image\/"}}]}},"_links":{"self":[{"href":"https:\/\/maasrijnschool.nl\/de\/wp-json\/wp\/v2\/pages\/1509","targetHints":{"allow":["GET"]}}],"collection":[{"href":"https:\/\/maasrijnschool.nl\/de\/wp-json\/wp\/v2\/pages"}],"about":[{"href":"https:\/\/maasrijnschool.nl\/de\/wp-json\/wp\/v2\/types\/page"}],"author":[{"embeddable":true,"href":"https:\/\/maasrijnschool.nl\/de\/wp-json\/wp\/v2\/users\/4"}],"replies":[{"embeddable":true,"href":"https:\/\/maasrijnschool.nl\/de\/wp-json\/wp\/v2\/comments?post=1509"}],"version-history":[{"count":3,"href":"https:\/\/maasrijnschool.nl\/de\/wp-json\/wp\/v2\/pages\/1509\/revisions"}],"predecessor-version":[{"id":4596,"href":"https:\/\/maasrijnschool.nl\/de\/wp-json\/wp\/v2\/pages\/1509\/revisions\/4596"}],"wp:attachment":[{"href":"https:\/\/maasrijnschool.nl\/de\/wp-json\/wp\/v2\/media?parent=1509"}],"wp:term":[{"taxonomy":"category","embeddable":true,"href":"https:\/\/maasrijnschool.nl\/de\/wp-json\/wp\/v2\/categories?post=1509"},{"taxonomy":"post_tag","embeddable":true,"href":"https:\/\/maasrijnschool.nl\/de\/wp-json\/wp\/v2\/tags?post=1509"}],"curies":[{"name":"wp","href":"https:\/\/api.w.org\/{rel}","templated":true}]}}