{"id":1494,"date":"2023-12-11T14:54:18","date_gmt":"2023-12-11T14:54:18","guid":{"rendered":"https:\/\/maasrijnschool.nl\/?page_id=1494"},"modified":"2023-12-11T14:54:20","modified_gmt":"2023-12-11T14:54:20","slug":"englisch","status":"publish","type":"page","link":"https:\/\/maasrijnschool.nl\/de\/englisch\/","title":{"rendered":"Englisch"},"content":{"rendered":"\n<div class=\"wp-block-stackable-spacer stk-block-spacer stk--no-padding stk-block stk-9a6d6d5\" data-block-id=\"9a6d6d5\"><\/div>\n\n\n\n<h6 class=\"wp-block-heading\">Abschlusspr\u00fcfungstraining und Nachhilfe<\/h6>\n\n\n\n<p>Sind Sie im letzten Jahr von vmbo, havo oder vwo und m\u00f6chten Sie Unterst\u00fctzung bei der Vorbereitung auf die Abschlusspr\u00fcfungen? Oder sind Sie Lehrer und wollen Ihre Sch\u00fcler bestm\u00f6glich auf die Pr\u00fcfungen vorbereiten? Dann sind Sie bei uns an der richtigen Adresse f\u00fcr die n\u00f6tige Hilfe und Motivation.<\/p>\n\n\n\n<p>Wir sind Spezialisten f\u00fcr Pr\u00fcfungstrainings f\u00fcr alle Abschlusssprachen und w\u00fcrden uns freuen, Ihnen zu helfen, das letzte Schuljahr erfolgreich zu bestehen und abzuschlie\u00dfen. Wir bieten Pr\u00fcfungstrainings an, die zu einer effizienten Planung und einem guten Vorgehen beitragen. Zudem bieten die Trainings wichtige Unterst\u00fctzung in schwierigen Momenten.<\/p>\n\n\n\n<p>Sie sind noch nicht in Ihrem letzten Pr\u00fcfungsjahr, brauchen aber zus\u00e4tzliche Unterst\u00fctzung? Dann helfen wir Ihnen gerne mit unserer Sprachnachhilfe. Ihre wertvolle Zeit wird mit n\u00fctzlichen und interessanten F\u00e4higkeiten verbracht. Das erspart Ihnen eine Menge negativer Energie. Wir helfen Ihnen unter anderem bei der Grammatik, dem Leseverst\u00e4ndnis, der Verbesserung Ihrer Aussprache und der Vorbereitung auf eine Pr\u00e4sentation.<\/p>\n\n\n\n<p>Sind Sie neugierig auf unsere Trainings- und Nachhilfedienste? Dann setzen Sie sich mit uns in Verbindung. Wir stimmen unseren Unterricht ganz auf Ihre Bed\u00fcrfnisse ab, damit Sie beruhigt durch das (letzte) Schuljahr gehen k\u00f6nnen.<\/p>\n","protected":false},"excerpt":{"rendered":"<p>Abschlusspr\u00fcfungstraining und Nachhilfe Sind Sie im letzten Jahr von vmbo, havo oder vwo und m\u00f6chten Sie Unterst\u00fctzung bei der Vorbereitung auf die Abschlusspr\u00fcfungen? Oder sind<a class=\"moretag\" href=\"https:\/\/maasrijnschool.nl\/de\/englisch\/\"> &#8230;Lees meer >> <\/a><\/p>\n","protected":false},"author":4,"featured_media":0,"parent":0,"menu_order":0,"comment_status":"closed","ping_status":"closed","template":"single (12-03-2026, 13.30).php","meta":{"footnotes":""},"categories":[],"tags":[],"class_list":["post-1494","page","type-page","status-publish","hentry"],"featured_image_urls_v2":{"full":"","thumbnail":"","medium":"","medium_large":"","large":"","1536x1536":"","2048x2048":""},"post_excerpt_stackable_v2":"<p>Abschlusspr\u00fcfungstraining und Nachhilfe Sind Sie im letzten Jahr von vmbo, havo oder vwo und m\u00f6chten Sie Unterst\u00fctzung bei der Vorbereitung auf die Abschlusspr\u00fcfungen? Oder sind Sie Lehrer und wollen Ihre Sch\u00fcler bestm\u00f6glich auf die Pr\u00fcfungen vorbereiten? Dann sind Sie bei uns an der richtigen Adresse f\u00fcr die n\u00f6tige Hilfe und Motivation. Wir sind Spezialisten f\u00fcr Pr\u00fcfungstrainings f\u00fcr alle Abschlusssprachen und w\u00fcrden uns freuen, Ihnen zu helfen, das letzte Schuljahr erfolgreich zu bestehen und abzuschlie\u00dfen. Wir bieten Pr\u00fcfungstrainings an, die zu einer effizienten Planung und einem guten Vorgehen beitragen. Zudem bieten die Trainings wichtige Unterst\u00fctzung in schwierigen Momenten. Sie sind noch&hellip;<\/p>\n","category_list_v2":"Allgemein","author_info_v2":{"name":"Jenny Kranendonk","url":"https:\/\/maasrijnschool.nl\/de\/author\/jenny\/"},"comments_num_v2":"0 comments","yoast_head":"<!-- This site is optimized with the Yoast SEO plugin v27.3 - https:\/\/yoast.com\/product\/yoast-seo-wordpress\/ -->\n<title>Englisch - Maas-Rijn School voor taal<\/title>\n<meta name=\"robots\" content=\"index, follow, max-snippet:-1, max-image-preview:large, max-video-preview:-1\" \/>\n<link rel=\"canonical\" href=\"https:\/\/maasrijnschool.nl\/de\/englisch\/\" \/>\n<meta property=\"og:locale\" content=\"de_DE\" \/>\n<meta property=\"og:type\" content=\"article\" \/>\n<meta property=\"og:title\" content=\"Englisch - Maas-Rijn School voor taal\" \/>\n<meta property=\"og:description\" content=\"Abschlusspr\u00fcfungstraining und Nachhilfe Sind Sie im letzten Jahr von vmbo, havo oder vwo und m\u00f6chten Sie Unterst\u00fctzung bei der Vorbereitung auf die Abschlusspr\u00fcfungen? Oder sind ...Lees meer &gt;&gt;\" \/>\n<meta property=\"og:url\" content=\"https:\/\/maasrijnschool.nl\/de\/englisch\/\" \/>\n<meta property=\"og:site_name\" content=\"Maas-Rijn School voor taal\" \/>\n<meta property=\"article:modified_time\" content=\"2023-12-11T14:54:20+00:00\" \/>\n<meta name=\"twitter:card\" content=\"summary_large_image\" \/>\n<meta name=\"twitter:label1\" content=\"Gesch\u00e4tzte Lesezeit\" \/>\n\t<meta name=\"twitter:data1\" content=\"1\u00a0Minute\" \/>\n<script type=\"application\/ld+json\" class=\"yoast-schema-graph\">{\"@context\":\"https:\\\/\\\/schema.org\",\"@graph\":[{\"@type\":\"WebPage\",\"@id\":\"https:\\\/\\\/maasrijnschool.nl\\\/de\\\/englisch\\\/\",\"url\":\"https:\\\/\\\/maasrijnschool.nl\\\/de\\\/englisch\\\/\",\"name\":\"Englisch - Maas-Rijn School voor taal\",\"isPartOf\":{\"@id\":\"https:\\\/\\\/maasrijnschool.nl\\\/de\\\/#website\"},\"datePublished\":\"2023-12-11T14:54:18+00:00\",\"dateModified\":\"2023-12-11T14:54:20+00:00\",\"breadcrumb\":{\"@id\":\"https:\\\/\\\/maasrijnschool.nl\\\/de\\\/englisch\\\/#breadcrumb\"},\"inLanguage\":\"de\",\"potentialAction\":[{\"@type\":\"ReadAction\",\"target\":[\"https:\\\/\\\/maasrijnschool.nl\\\/de\\\/englisch\\\/\"]}]},{\"@type\":\"BreadcrumbList\",\"@id\":\"https:\\\/\\\/maasrijnschool.nl\\\/de\\\/englisch\\\/#breadcrumb\",\"itemListElement\":[{\"@type\":\"ListItem\",\"position\":1,\"name\":\"Home\",\"item\":\"https:\\\/\\\/maasrijnschool.nl\\\/de\\\/\"},{\"@type\":\"ListItem\",\"position\":2,\"name\":\"Englisch\"}]},{\"@type\":\"WebSite\",\"@id\":\"https:\\\/\\\/maasrijnschool.nl\\\/de\\\/#website\",\"url\":\"https:\\\/\\\/maasrijnschool.nl\\\/de\\\/\",\"name\":\"Maas-Rijn School voor taal\",\"description\":\"\",\"publisher\":{\"@id\":\"https:\\\/\\\/maasrijnschool.nl\\\/de\\\/#organization\"},\"potentialAction\":[{\"@type\":\"SearchAction\",\"target\":{\"@type\":\"EntryPoint\",\"urlTemplate\":\"https:\\\/\\\/maasrijnschool.nl\\\/de\\\/?s={search_term_string}\"},\"query-input\":{\"@type\":\"PropertyValueSpecification\",\"valueRequired\":true,\"valueName\":\"search_term_string\"}}],\"inLanguage\":\"de\"},{\"@type\":\"Organization\",\"@id\":\"https:\\\/\\\/maasrijnschool.nl\\\/de\\\/#organization\",\"name\":\"Maas-Rijn School voor taal\",\"url\":\"https:\\\/\\\/maasrijnschool.nl\\\/de\\\/\",\"logo\":{\"@type\":\"ImageObject\",\"inLanguage\":\"de\",\"@id\":\"https:\\\/\\\/maasrijnschool.nl\\\/de\\\/#\\\/schema\\\/logo\\\/image\\\/\",\"url\":\"https:\\\/\\\/maasrijnschool.nl\\\/wp-content\\\/uploads\\\/2026\\\/03\\\/mrs-logo.png\",\"contentUrl\":\"https:\\\/\\\/maasrijnschool.nl\\\/wp-content\\\/uploads\\\/2026\\\/03\\\/mrs-logo.png\",\"width\":350,\"height\":174,\"caption\":\"Maas-Rijn School voor taal\"},\"image\":{\"@id\":\"https:\\\/\\\/maasrijnschool.nl\\\/de\\\/#\\\/schema\\\/logo\\\/image\\\/\"}}]}<\/script>\n<!-- \/ Yoast SEO plugin. -->","yoast_head_json":{"title":"Englisch - Maas-Rijn School voor taal","robots":{"index":"index","follow":"follow","max-snippet":"max-snippet:-1","max-image-preview":"max-image-preview:large","max-video-preview":"max-video-preview:-1"},"canonical":"https:\/\/maasrijnschool.nl\/de\/englisch\/","og_locale":"de_DE","og_type":"article","og_title":"Englisch - Maas-Rijn School voor taal","og_description":"Abschlusspr\u00fcfungstraining und Nachhilfe Sind Sie im letzten Jahr von vmbo, havo oder vwo und m\u00f6chten Sie Unterst\u00fctzung bei der Vorbereitung auf die Abschlusspr\u00fcfungen? Oder sind ...Lees meer >>","og_url":"https:\/\/maasrijnschool.nl\/de\/englisch\/","og_site_name":"Maas-Rijn School voor taal","article_modified_time":"2023-12-11T14:54:20+00:00","twitter_card":"summary_large_image","twitter_misc":{"Gesch\u00e4tzte Lesezeit":"1\u00a0Minute"},"schema":{"@context":"https:\/\/schema.org","@graph":[{"@type":"WebPage","@id":"https:\/\/maasrijnschool.nl\/de\/englisch\/","url":"https:\/\/maasrijnschool.nl\/de\/englisch\/","name":"Englisch - Maas-Rijn School voor taal","isPartOf":{"@id":"https:\/\/maasrijnschool.nl\/de\/#website"},"datePublished":"2023-12-11T14:54:18+00:00","dateModified":"2023-12-11T14:54:20+00:00","breadcrumb":{"@id":"https:\/\/maasrijnschool.nl\/de\/englisch\/#breadcrumb"},"inLanguage":"de","potentialAction":[{"@type":"ReadAction","target":["https:\/\/maasrijnschool.nl\/de\/englisch\/"]}]},{"@type":"BreadcrumbList","@id":"https:\/\/maasrijnschool.nl\/de\/englisch\/#breadcrumb","itemListElement":[{"@type":"ListItem","position":1,"name":"Home","item":"https:\/\/maasrijnschool.nl\/de\/"},{"@type":"ListItem","position":2,"name":"Englisch"}]},{"@type":"WebSite","@id":"https:\/\/maasrijnschool.nl\/de\/#website","url":"https:\/\/maasrijnschool.nl\/de\/","name":"Maas-Rijn School voor taal","description":"","publisher":{"@id":"https:\/\/maasrijnschool.nl\/de\/#organization"},"potentialAction":[{"@type":"SearchAction","target":{"@type":"EntryPoint","urlTemplate":"https:\/\/maasrijnschool.nl\/de\/?s={search_term_string}"},"query-input":{"@type":"PropertyValueSpecification","valueRequired":true,"valueName":"search_term_string"}}],"inLanguage":"de"},{"@type":"Organization","@id":"https:\/\/maasrijnschool.nl\/de\/#organization","name":"Maas-Rijn School voor taal","url":"https:\/\/maasrijnschool.nl\/de\/","logo":{"@type":"ImageObject","inLanguage":"de","@id":"https:\/\/maasrijnschool.nl\/de\/#\/schema\/logo\/image\/","url":"https:\/\/maasrijnschool.nl\/wp-content\/uploads\/2026\/03\/mrs-logo.png","contentUrl":"https:\/\/maasrijnschool.nl\/wp-content\/uploads\/2026\/03\/mrs-logo.png","width":350,"height":174,"caption":"Maas-Rijn School voor taal"},"image":{"@id":"https:\/\/maasrijnschool.nl\/de\/#\/schema\/logo\/image\/"}}]}},"_links":{"self":[{"href":"https:\/\/maasrijnschool.nl\/de\/wp-json\/wp\/v2\/pages\/1494","targetHints":{"allow":["GET"]}}],"collection":[{"href":"https:\/\/maasrijnschool.nl\/de\/wp-json\/wp\/v2\/pages"}],"about":[{"href":"https:\/\/maasrijnschool.nl\/de\/wp-json\/wp\/v2\/types\/page"}],"author":[{"embeddable":true,"href":"https:\/\/maasrijnschool.nl\/de\/wp-json\/wp\/v2\/users\/4"}],"replies":[{"embeddable":true,"href":"https:\/\/maasrijnschool.nl\/de\/wp-json\/wp\/v2\/comments?post=1494"}],"version-history":[{"count":1,"href":"https:\/\/maasrijnschool.nl\/de\/wp-json\/wp\/v2\/pages\/1494\/revisions"}],"predecessor-version":[{"id":1495,"href":"https:\/\/maasrijnschool.nl\/de\/wp-json\/wp\/v2\/pages\/1494\/revisions\/1495"}],"wp:attachment":[{"href":"https:\/\/maasrijnschool.nl\/de\/wp-json\/wp\/v2\/media?parent=1494"}],"wp:term":[{"taxonomy":"category","embeddable":true,"href":"https:\/\/maasrijnschool.nl\/de\/wp-json\/wp\/v2\/categories?post=1494"},{"taxonomy":"post_tag","embeddable":true,"href":"https:\/\/maasrijnschool.nl\/de\/wp-json\/wp\/v2\/tags?post=1494"}],"curies":[{"name":"wp","href":"https:\/\/api.w.org\/{rel}","templated":true}]}}