{"id":1490,"date":"2023-12-11T14:45:55","date_gmt":"2023-12-11T14:45:55","guid":{"rendered":"https:\/\/maasrijnschool.nl\/?page_id=1490"},"modified":"2026-04-06T14:50:39","modified_gmt":"2026-04-06T14:50:39","slug":"deutsch-2","status":"publish","type":"page","link":"https:\/\/maasrijnschool.nl\/de\/deutsch-2\/","title":{"rendered":"Deutsch als Fremdsprache"},"content":{"rendered":"\n<div class=\"wp-block-stackable-spacer stk-block-spacer stk--no-padding stk-block stk-0bee499\" data-block-id=\"0bee499\"><\/div>\n\n\n\n<h6 class=\"wp-block-heading\">Anf\u00e4nger &#8211; A1<\/h6>\n\n\n\n<p>In diesem Kurs lernen Sie die Grundlagen der deutschen Sprache, wobei der Schwerpunkt auf der \u201eKommunikation auf Reisen\u201c liegt. Nach dem Weg fragen, eine Bestellung aufgeben, verstehen, wie sp\u00e4t es ist \u2013 nach diesem Kurs ist das kein Problem mehr.<\/p>\n\n\n\n<div class=\"wp-block-stackable-text stk-block-text stk-block stk-280dd9c\" data-block-id=\"280dd9c\"><p class=\"stk-block-text__text\">Der Standardkurs umfasst drei\u00dfig Unterrichtseinheiten \u00e0 anderthalb Stunden, wobei wir auch Hausaufgaben aufgeben. Nach diesen Unterrichtseinheiten sind Sie in der Lage, sich in Deutschland am Flughafen, auf der Stra\u00dfe, im Hotel, im Restaurant usw. zurechtzufinden.<\/p><\/div>\n\n\n\n<div class=\"wp-block-stackable-text stk-block-text stk-block stk-3108c3d\" data-block-id=\"3108c3d\"><p class=\"stk-block-text__text\">Selbstverst\u00e4ndlich sind alle m\u00f6glichen ma\u00dfgeschneiderten L\u00f6sungen m\u00f6glich. Diesbez\u00fcglich k\u00f6nnen Sie sich jederzeit mit uns beraten.<\/p><\/div>\n\n\n\n<div class=\"wp-block-stackable-spacer stk-block-spacer stk--no-padding stk-block stk-f3a618b\" data-block-id=\"f3a618b\"><style>.stk-f3a618b {height:50px !important;}<\/style><\/div>\n\n\n\n<h6 class=\"wp-block-heading\">Anf\u00e4nger &#8211; bis A2<\/h6>\n\n\n\n<p>Dieser Kurs richtet sich an Personen, die geringe Deutschkenntnisse haben und in relativ kurzer Zeit in der Lage sein wollen, sich in Alltagssituationen in der Schule, auf einer Gesch\u00e4ftsreise, im Urlaub oder am Arbeitsplatz zurechtzufinden.<\/p>\n\n\n\n<p>Im Unterricht wird das Augenmerk auf die kommunikativen Sprachfertigkeiten gelegt: bequemes Sprechen ohne Sprechangst, Achten auf eine verst\u00e4ndliche Aussprache. Dar\u00fcber hinaus wird viel Wert auf das H\u00f6r- und Leseverstehen sowie auf die wichtigsten Grammatikthemen gelegt.<\/p>\n\n\n\n<p>Bei allen Programmen ist Raum f\u00fcr Ihre eigenen Beitr\u00e4ge, so dass der Unterricht optimal auf Ihre pers\u00f6nlichen Lernbed\u00fcrfnisse abgestimmt ist.<\/p>\n\n\n\n<div class=\"wp-block-stackable-spacer stk-block-spacer stk--no-padding stk-block stk-0c9532f\" data-block-id=\"0c9532f\"><\/div>\n\n\n\n<h6 class=\"wp-block-heading\">Fortgeschrittene &#8211; ab B1<\/h6>\n\n\n\n<p>Sie verf\u00fcgen bereits \u00fcber gute Deutschkenntnisse, m\u00f6chten diese aber weiter ausbauen? Dann ist der Deutschkurs f\u00fcr Fortgeschrittene genau das Richtige f\u00fcr Sie.<\/p>\n\n\n\n<p>In diesem Kurs wird anhand von Themen, die Sie selbst vorschlagen k\u00f6nnen, gesprochen, geschrieben und geh\u00f6rt. Wir bauen auf den vorhandenen Sprachkenntnissen auf und sorgen daf\u00fcr, dass diese vertieft werden. Wir legen gro\u00dfen Wert auf das Verst\u00e4ndnis der deutschen Sprache und vertiefen jedes Mal die Grammatik, damit Sie die Sprache flie\u00dfend beherrschen.<\/p>\n\n\n\n<div class=\"wp-block-stackable-spacer stk-block-spacer stk--no-padding stk-block stk-22698cf\" data-block-id=\"22698cf\"><\/div>\n\n\n\n<h6 class=\"wp-block-heading\">Intensivkurs<\/h6>\n\n\n\n<p>Dieser Kurs besteht aus einer Woche mit vier bis sechs Stunden Unterricht pro Tag, je nach Ihren Bed\u00fcrfnissen, in der wir so viel Deutsch wie m\u00f6glich sprechen.<\/p>\n\n\n\n<p>Den Inhalt des Intensivkurses legen wir gemeinsam fest. Wir bieten Ihnen ma\u00dfgeschneiderte L\u00f6sungen, die Ihren Ambitionen und W\u00fcnschen entsprechen. Auf Wunsch kann dieser Kurs auch um eine oder mehrere Wochen verl\u00e4ngert werden.<\/p>\n\n\n\n<figure class=\"wp-block-image size-full\"><img loading=\"lazy\" decoding=\"async\" width=\"800\" height=\"400\" src=\"https:\/\/maasrijnschool.nl\/wp-content\/uploads\/2026\/02\/Abdij_Rolduc_luchtfoto-q5rpb70pblh2jw1u4o6iq8spmpmjpz78wdn12r2u1s-1.jpg\" alt=\"\" class=\"wp-image-4089\" srcset=\"https:\/\/maasrijnschool.nl\/wp-content\/uploads\/2026\/02\/Abdij_Rolduc_luchtfoto-q5rpb70pblh2jw1u4o6iq8spmpmjpz78wdn12r2u1s-1.jpg 800w, https:\/\/maasrijnschool.nl\/wp-content\/uploads\/2026\/02\/Abdij_Rolduc_luchtfoto-q5rpb70pblh2jw1u4o6iq8spmpmjpz78wdn12r2u1s-1-300x150.jpg 300w, https:\/\/maasrijnschool.nl\/wp-content\/uploads\/2026\/02\/Abdij_Rolduc_luchtfoto-q5rpb70pblh2jw1u4o6iq8spmpmjpz78wdn12r2u1s-1-768x384.jpg 768w\" sizes=\"auto, (max-width: 800px) 100vw, 800px\" \/><\/figure>\n\n\n\n<p>Der Intensivkurs kann nur intern vor Ort in S\u00fcdlimburg stattfinden. Entweder in der <a href=\"https:\/\/rolduc.com\/\">Abtei Rolduc<\/a> in Kerkrade an der Grenze zu Herzogenrath in Deutschland oder bei C-Mill in Heerlen, dem Standort der <strong>Maas-Rijn Schule<\/strong>.<\/p>\n\n\n\n<p><\/p>\n\n\n\n<div class=\"wp-block-stackable-text stk-block-text stk-block stk-812195c\" data-block-id=\"812195c\"><p class=\"stk-block-text__text\"><\/p><\/div>\n","protected":false},"excerpt":{"rendered":"<p>Anf\u00e4nger &#8211; A1 In diesem Kurs lernen Sie die Grundlagen der deutschen Sprache, wobei der Schwerpunkt auf der \u201eKommunikation auf Reisen\u201c liegt. Nach dem Weg<a class=\"moretag\" href=\"https:\/\/maasrijnschool.nl\/de\/deutsch-2\/\"> &#8230;Lees meer >> <\/a><\/p>\n","protected":false},"author":1,"featured_media":0,"parent":0,"menu_order":0,"comment_status":"closed","ping_status":"closed","template":"single (12-03-2026, 13.30).php","meta":{"footnotes":""},"categories":[],"tags":[],"class_list":["post-1490","page","type-page","status-publish","hentry"],"featured_image_urls_v2":{"full":"","thumbnail":"","medium":"","medium_large":"","large":"","1536x1536":"","2048x2048":""},"post_excerpt_stackable_v2":"<p>Anf\u00e4nger &#8211; A1 In diesem Kurs lernen Sie die Grundlagen der deutschen Sprache, wobei der Schwerpunkt auf der \u201eKommunikation auf Reisen\u201c liegt. Nach dem Weg fragen, eine Bestellung aufgeben, verstehen, wie sp\u00e4t es ist \u2013 nach diesem Kurs ist das kein Problem mehr. Der Standardkurs umfasst drei\u00dfig Unterrichtseinheiten \u00e0 anderthalb Stunden, wobei wir auch Hausaufgaben aufgeben. Nach diesen Unterrichtseinheiten sind Sie in der Lage, sich in Deutschland am Flughafen, auf der Stra\u00dfe, im Hotel, im Restaurant usw. zurechtzufinden. Selbstverst\u00e4ndlich sind alle m\u00f6glichen ma\u00dfgeschneiderten L\u00f6sungen m\u00f6glich. Diesbez\u00fcglich k\u00f6nnen Sie sich jederzeit mit uns beraten. Anf\u00e4nger &#8211; bis A2 Dieser Kurs richtet&hellip;<\/p>\n","category_list_v2":"Allgemein","author_info_v2":{"name":"T-Force MRS","url":"https:\/\/maasrijnschool.nl\/de\/author\/t-force-mrs\/"},"comments_num_v2":"0 comments","yoast_head":"<!-- This site is optimized with the Yoast SEO plugin v27.3 - https:\/\/yoast.com\/product\/yoast-seo-wordpress\/ -->\n<title>Deutsch als Fremdsprache - Maas-Rijn School voor taal<\/title>\n<meta name=\"robots\" content=\"index, follow, max-snippet:-1, max-image-preview:large, max-video-preview:-1\" \/>\n<link rel=\"canonical\" href=\"https:\/\/maasrijnschool.nl\/de\/deutsch-2\/\" \/>\n<meta property=\"og:locale\" content=\"de_DE\" \/>\n<meta property=\"og:type\" content=\"article\" \/>\n<meta property=\"og:title\" content=\"Deutsch als Fremdsprache - Maas-Rijn School voor taal\" \/>\n<meta property=\"og:description\" content=\"Anf\u00e4nger &#8211; A1 In diesem Kurs lernen Sie die Grundlagen der deutschen Sprache, wobei der Schwerpunkt auf der \u201eKommunikation auf Reisen\u201c liegt. Nach dem Weg ...Lees meer &gt;&gt;\" \/>\n<meta property=\"og:url\" content=\"https:\/\/maasrijnschool.nl\/de\/deutsch-2\/\" \/>\n<meta property=\"og:site_name\" content=\"Maas-Rijn School voor taal\" \/>\n<meta property=\"article:modified_time\" content=\"2026-04-06T14:50:39+00:00\" \/>\n<meta property=\"og:image\" content=\"https:\/\/maasrijnschool.nl\/wp-content\/uploads\/2026\/02\/Abdij_Rolduc_luchtfoto-q5rpb70pblh2jw1u4o6iq8spmpmjpz78wdn12r2u1s-1.jpg\" \/>\n\t<meta property=\"og:image:width\" content=\"800\" \/>\n\t<meta property=\"og:image:height\" content=\"400\" \/>\n\t<meta property=\"og:image:type\" content=\"image\/jpeg\" \/>\n<meta name=\"twitter:card\" content=\"summary_large_image\" \/>\n<meta name=\"twitter:label1\" content=\"Gesch\u00e4tzte Lesezeit\" \/>\n\t<meta name=\"twitter:data1\" content=\"2\u00a0Minuten\" \/>\n<script type=\"application\/ld+json\" class=\"yoast-schema-graph\">{\"@context\":\"https:\\\/\\\/schema.org\",\"@graph\":[{\"@type\":\"WebPage\",\"@id\":\"https:\\\/\\\/maasrijnschool.nl\\\/de\\\/deutsch-2\\\/\",\"url\":\"https:\\\/\\\/maasrijnschool.nl\\\/de\\\/deutsch-2\\\/\",\"name\":\"Deutsch als Fremdsprache - Maas-Rijn School voor taal\",\"isPartOf\":{\"@id\":\"https:\\\/\\\/maasrijnschool.nl\\\/de\\\/#website\"},\"primaryImageOfPage\":{\"@id\":\"https:\\\/\\\/maasrijnschool.nl\\\/de\\\/deutsch-2\\\/#primaryimage\"},\"image\":{\"@id\":\"https:\\\/\\\/maasrijnschool.nl\\\/de\\\/deutsch-2\\\/#primaryimage\"},\"thumbnailUrl\":\"https:\\\/\\\/maasrijnschool.nl\\\/wp-content\\\/uploads\\\/2026\\\/02\\\/Abdij_Rolduc_luchtfoto-q5rpb70pblh2jw1u4o6iq8spmpmjpz78wdn12r2u1s-1.jpg\",\"datePublished\":\"2023-12-11T14:45:55+00:00\",\"dateModified\":\"2026-04-06T14:50:39+00:00\",\"breadcrumb\":{\"@id\":\"https:\\\/\\\/maasrijnschool.nl\\\/de\\\/deutsch-2\\\/#breadcrumb\"},\"inLanguage\":\"de\",\"potentialAction\":[{\"@type\":\"ReadAction\",\"target\":[\"https:\\\/\\\/maasrijnschool.nl\\\/de\\\/deutsch-2\\\/\"]}]},{\"@type\":\"ImageObject\",\"inLanguage\":\"de\",\"@id\":\"https:\\\/\\\/maasrijnschool.nl\\\/de\\\/deutsch-2\\\/#primaryimage\",\"url\":\"https:\\\/\\\/maasrijnschool.nl\\\/wp-content\\\/uploads\\\/2026\\\/02\\\/Abdij_Rolduc_luchtfoto-q5rpb70pblh2jw1u4o6iq8spmpmjpz78wdn12r2u1s-1.jpg\",\"contentUrl\":\"https:\\\/\\\/maasrijnschool.nl\\\/wp-content\\\/uploads\\\/2026\\\/02\\\/Abdij_Rolduc_luchtfoto-q5rpb70pblh2jw1u4o6iq8spmpmjpz78wdn12r2u1s-1.jpg\"},{\"@type\":\"BreadcrumbList\",\"@id\":\"https:\\\/\\\/maasrijnschool.nl\\\/de\\\/deutsch-2\\\/#breadcrumb\",\"itemListElement\":[{\"@type\":\"ListItem\",\"position\":1,\"name\":\"Home\",\"item\":\"https:\\\/\\\/maasrijnschool.nl\\\/de\\\/\"},{\"@type\":\"ListItem\",\"position\":2,\"name\":\"Deutsch als Fremdsprache\"}]},{\"@type\":\"WebSite\",\"@id\":\"https:\\\/\\\/maasrijnschool.nl\\\/de\\\/#website\",\"url\":\"https:\\\/\\\/maasrijnschool.nl\\\/de\\\/\",\"name\":\"Maas-Rijn School voor taal\",\"description\":\"\",\"publisher\":{\"@id\":\"https:\\\/\\\/maasrijnschool.nl\\\/de\\\/#organization\"},\"potentialAction\":[{\"@type\":\"SearchAction\",\"target\":{\"@type\":\"EntryPoint\",\"urlTemplate\":\"https:\\\/\\\/maasrijnschool.nl\\\/de\\\/?s={search_term_string}\"},\"query-input\":{\"@type\":\"PropertyValueSpecification\",\"valueRequired\":true,\"valueName\":\"search_term_string\"}}],\"inLanguage\":\"de\"},{\"@type\":\"Organization\",\"@id\":\"https:\\\/\\\/maasrijnschool.nl\\\/de\\\/#organization\",\"name\":\"Maas-Rijn School voor taal\",\"url\":\"https:\\\/\\\/maasrijnschool.nl\\\/de\\\/\",\"logo\":{\"@type\":\"ImageObject\",\"inLanguage\":\"de\",\"@id\":\"https:\\\/\\\/maasrijnschool.nl\\\/de\\\/#\\\/schema\\\/logo\\\/image\\\/\",\"url\":\"https:\\\/\\\/maasrijnschool.nl\\\/wp-content\\\/uploads\\\/2026\\\/03\\\/mrs-logo.png\",\"contentUrl\":\"https:\\\/\\\/maasrijnschool.nl\\\/wp-content\\\/uploads\\\/2026\\\/03\\\/mrs-logo.png\",\"width\":350,\"height\":174,\"caption\":\"Maas-Rijn School voor taal\"},\"image\":{\"@id\":\"https:\\\/\\\/maasrijnschool.nl\\\/de\\\/#\\\/schema\\\/logo\\\/image\\\/\"}}]}<\/script>\n<!-- \/ Yoast SEO plugin. -->","yoast_head_json":{"title":"Deutsch als Fremdsprache - Maas-Rijn School voor taal","robots":{"index":"index","follow":"follow","max-snippet":"max-snippet:-1","max-image-preview":"max-image-preview:large","max-video-preview":"max-video-preview:-1"},"canonical":"https:\/\/maasrijnschool.nl\/de\/deutsch-2\/","og_locale":"de_DE","og_type":"article","og_title":"Deutsch als Fremdsprache - Maas-Rijn School voor taal","og_description":"Anf\u00e4nger &#8211; A1 In diesem Kurs lernen Sie die Grundlagen der deutschen Sprache, wobei der Schwerpunkt auf der \u201eKommunikation auf Reisen\u201c liegt. Nach dem Weg ...Lees meer >>","og_url":"https:\/\/maasrijnschool.nl\/de\/deutsch-2\/","og_site_name":"Maas-Rijn School voor taal","article_modified_time":"2026-04-06T14:50:39+00:00","og_image":[{"width":800,"height":400,"url":"https:\/\/maasrijnschool.nl\/wp-content\/uploads\/2026\/02\/Abdij_Rolduc_luchtfoto-q5rpb70pblh2jw1u4o6iq8spmpmjpz78wdn12r2u1s-1.jpg","type":"image\/jpeg"}],"twitter_card":"summary_large_image","twitter_misc":{"Gesch\u00e4tzte Lesezeit":"2\u00a0Minuten"},"schema":{"@context":"https:\/\/schema.org","@graph":[{"@type":"WebPage","@id":"https:\/\/maasrijnschool.nl\/de\/deutsch-2\/","url":"https:\/\/maasrijnschool.nl\/de\/deutsch-2\/","name":"Deutsch als Fremdsprache - Maas-Rijn School voor taal","isPartOf":{"@id":"https:\/\/maasrijnschool.nl\/de\/#website"},"primaryImageOfPage":{"@id":"https:\/\/maasrijnschool.nl\/de\/deutsch-2\/#primaryimage"},"image":{"@id":"https:\/\/maasrijnschool.nl\/de\/deutsch-2\/#primaryimage"},"thumbnailUrl":"https:\/\/maasrijnschool.nl\/wp-content\/uploads\/2026\/02\/Abdij_Rolduc_luchtfoto-q5rpb70pblh2jw1u4o6iq8spmpmjpz78wdn12r2u1s-1.jpg","datePublished":"2023-12-11T14:45:55+00:00","dateModified":"2026-04-06T14:50:39+00:00","breadcrumb":{"@id":"https:\/\/maasrijnschool.nl\/de\/deutsch-2\/#breadcrumb"},"inLanguage":"de","potentialAction":[{"@type":"ReadAction","target":["https:\/\/maasrijnschool.nl\/de\/deutsch-2\/"]}]},{"@type":"ImageObject","inLanguage":"de","@id":"https:\/\/maasrijnschool.nl\/de\/deutsch-2\/#primaryimage","url":"https:\/\/maasrijnschool.nl\/wp-content\/uploads\/2026\/02\/Abdij_Rolduc_luchtfoto-q5rpb70pblh2jw1u4o6iq8spmpmjpz78wdn12r2u1s-1.jpg","contentUrl":"https:\/\/maasrijnschool.nl\/wp-content\/uploads\/2026\/02\/Abdij_Rolduc_luchtfoto-q5rpb70pblh2jw1u4o6iq8spmpmjpz78wdn12r2u1s-1.jpg"},{"@type":"BreadcrumbList","@id":"https:\/\/maasrijnschool.nl\/de\/deutsch-2\/#breadcrumb","itemListElement":[{"@type":"ListItem","position":1,"name":"Home","item":"https:\/\/maasrijnschool.nl\/de\/"},{"@type":"ListItem","position":2,"name":"Deutsch als Fremdsprache"}]},{"@type":"WebSite","@id":"https:\/\/maasrijnschool.nl\/de\/#website","url":"https:\/\/maasrijnschool.nl\/de\/","name":"Maas-Rijn School voor taal","description":"","publisher":{"@id":"https:\/\/maasrijnschool.nl\/de\/#organization"},"potentialAction":[{"@type":"SearchAction","target":{"@type":"EntryPoint","urlTemplate":"https:\/\/maasrijnschool.nl\/de\/?s={search_term_string}"},"query-input":{"@type":"PropertyValueSpecification","valueRequired":true,"valueName":"search_term_string"}}],"inLanguage":"de"},{"@type":"Organization","@id":"https:\/\/maasrijnschool.nl\/de\/#organization","name":"Maas-Rijn School voor taal","url":"https:\/\/maasrijnschool.nl\/de\/","logo":{"@type":"ImageObject","inLanguage":"de","@id":"https:\/\/maasrijnschool.nl\/de\/#\/schema\/logo\/image\/","url":"https:\/\/maasrijnschool.nl\/wp-content\/uploads\/2026\/03\/mrs-logo.png","contentUrl":"https:\/\/maasrijnschool.nl\/wp-content\/uploads\/2026\/03\/mrs-logo.png","width":350,"height":174,"caption":"Maas-Rijn School voor taal"},"image":{"@id":"https:\/\/maasrijnschool.nl\/de\/#\/schema\/logo\/image\/"}}]}},"_links":{"self":[{"href":"https:\/\/maasrijnschool.nl\/de\/wp-json\/wp\/v2\/pages\/1490","targetHints":{"allow":["GET"]}}],"collection":[{"href":"https:\/\/maasrijnschool.nl\/de\/wp-json\/wp\/v2\/pages"}],"about":[{"href":"https:\/\/maasrijnschool.nl\/de\/wp-json\/wp\/v2\/types\/page"}],"author":[{"embeddable":true,"href":"https:\/\/maasrijnschool.nl\/de\/wp-json\/wp\/v2\/users\/1"}],"replies":[{"embeddable":true,"href":"https:\/\/maasrijnschool.nl\/de\/wp-json\/wp\/v2\/comments?post=1490"}],"version-history":[{"count":5,"href":"https:\/\/maasrijnschool.nl\/de\/wp-json\/wp\/v2\/pages\/1490\/revisions"}],"predecessor-version":[{"id":4568,"href":"https:\/\/maasrijnschool.nl\/de\/wp-json\/wp\/v2\/pages\/1490\/revisions\/4568"}],"wp:attachment":[{"href":"https:\/\/maasrijnschool.nl\/de\/wp-json\/wp\/v2\/media?parent=1490"}],"wp:term":[{"taxonomy":"category","embeddable":true,"href":"https:\/\/maasrijnschool.nl\/de\/wp-json\/wp\/v2\/categories?post=1490"},{"taxonomy":"post_tag","embeddable":true,"href":"https:\/\/maasrijnschool.nl\/de\/wp-json\/wp\/v2\/tags?post=1490"}],"curies":[{"name":"wp","href":"https:\/\/api.w.org\/{rel}","templated":true}]}}